{"id":245,"date":"2022-02-22T15:42:42","date_gmt":"2022-02-22T18:42:42","guid":{"rendered":"https:\/\/site.veracruz.edu.br\/zumzum\/?page_id=245"},"modified":"2026-04-09T16:24:41","modified_gmt":"2026-04-09T19:24:41","slug":"expediente","status":"publish","type":"page","link":"https:\/\/site.veracruz.edu.br\/zumzum\/expediente\/","title":{"rendered":"Expediente"},"content":{"rendered":"\t\t<div data-elementor-type=\"wp-page\" data-elementor-id=\"245\" class=\"elementor elementor-245\" data-elementor-post-type=\"page\">\n\t\t\t\t\t\t<section class=\"elementor-section elementor-top-section elementor-element elementor-element-d162b79 elementor-section-boxed elementor-section-height-default elementor-section-height-default\" data-id=\"d162b79\" data-element_type=\"section\" data-e-type=\"section\">\n\t\t\t\t\t\t<div class=\"elementor-container elementor-column-gap-default\">\n\t\t\t\t\t<div class=\"elementor-column elementor-col-100 elementor-top-column elementor-element elementor-element-8985b92\" data-id=\"8985b92\" data-element_type=\"column\" data-e-type=\"column\">\n\t\t\t<div class=\"elementor-widget-wrap elementor-element-populated\">\n\t\t\t\t<div class=\"elementor-element elementor-element-e542b16 e-con-full e-flex e-con e-parent\" data-id=\"e542b16\" data-element_type=\"container\" data-e-type=\"container\">\n\t\t<div class=\"elementor-element elementor-element-8de76ae e-con-full e-flex e-con e-child\" data-id=\"8de76ae\" data-element_type=\"container\" data-e-type=\"container\">\n\t\t\t\t<div class=\"elementor-element elementor-element-1bfc4cc elementor-widget elementor-widget-image\" data-id=\"1bfc4cc\" data-element_type=\"widget\" data-e-type=\"widget\" data-widget_type=\"image.default\">\n\t\t\t\t<div class=\"elementor-widget-container\">\n\t\t\t\t\t\t\t\t\t\t\t\t\t\t\t<img decoding=\"async\" width=\"106\" height=\"87\" src=\"https:\/\/site.veracruz.edu.br\/zumzum\/wp-content\/uploads\/2022\/03\/logo_veracruz-1.svg\" class=\"attachment-large size-large wp-image-1242\" alt=\"\" \/>\t\t\t\t\t\t\t\t\t\t\t\t\t\t\t<\/div>\n\t\t\t\t<\/div>\n\t\t\t\t<\/div>\n\t\t<div class=\"elementor-element elementor-element-247266d e-con-full e-flex e-con e-child\" data-id=\"247266d\" data-element_type=\"container\" data-e-type=\"container\">\n\t\t\t\t<div class=\"elementor-element elementor-element-3d0b2a7 elementor-widget elementor-widget-text-editor\" data-id=\"3d0b2a7\" data-element_type=\"widget\" data-e-type=\"widget\" data-widget_type=\"text-editor.default\">\n\t\t\t\t<div class=\"elementor-widget-container\">\n\t\t\t\t\t\t\t\t\t<p><b>Dire\u00e7\u00e3o da Escola Vera Cruz<\/b><\/p><p>Natacha Costa (Dire\u00e7\u00e3o geral)<\/p><p>Marcelo Chulam (Dire\u00e7\u00e3o de gest\u00e3o)<\/p><p>Daniel Helene e Regina Scarpa (Dire\u00e7\u00e3o pedag\u00f3gica)<\/p>\t\t\t\t\t\t\t\t<\/div>\n\t\t\t\t<\/div>\n\t\t\t\t<\/div>\n\t\t\t\t<\/div>\n\t\t<div class=\"elementor-element elementor-element-27101d3 e-con-full e-flex e-con e-parent\" data-id=\"27101d3\" data-element_type=\"container\" data-e-type=\"container\">\n\t\t<div class=\"elementor-element elementor-element-e6fb880 e-con-full elementor-hidden-mobile e-flex e-con e-child\" data-id=\"e6fb880\" data-element_type=\"container\" data-e-type=\"container\">\n\t\t\t\t<\/div>\n\t\t<div class=\"elementor-element elementor-element-faa3bf8 e-con-full e-flex e-con e-child\" data-id=\"faa3bf8\" data-element_type=\"container\" data-e-type=\"container\">\n\t\t\t\t<div class=\"elementor-element elementor-element-38b409b elementor-widget elementor-widget-text-editor\" data-id=\"38b409b\" data-element_type=\"widget\" data-e-type=\"widget\" data-widget_type=\"text-editor.default\">\n\t\t\t\t<div class=\"elementor-widget-container\">\n\t\t\t\t\t\t\t\t\t<p><b>Conselho editorial\u00a0<\/b><\/p><p>Adriana de Rezende,\u00a0Alexandre Leite, Alicia Alexandre Ara\u00fajo, Aline Ata\u00edde, Ana Bergamin, Arianda Patr\u00edcia Linhares Bispo, Camila Urquizas Campello, Cl\u00e9lia Cortez,\u00a0Daniel Helene, Fabiana Meirelles, Juliana de Paula Costa, M\u00e1rcia Cristina de Almeida Moraes,\u00a0Natacha Costa,\u00a0Paula Marchi, Regina Scarpa, Rita Botter, Sheila Perina de Souza, Silvane Silva,\u00a0Valeria Moraes Novoa,\u00a0Vaniery Amorim<\/p>\t\t\t\t\t\t\t\t<\/div>\n\t\t\t\t<\/div>\n\t\t\t\t<div class=\"elementor-element elementor-element-a8d8d91 elementor-widget elementor-widget-text-editor\" data-id=\"a8d8d91\" data-element_type=\"widget\" data-e-type=\"widget\" data-widget_type=\"text-editor.default\">\n\t\t\t\t<div class=\"elementor-widget-container\">\n\t\t\t\t\t\t\t\t\t<p><b>Editores respons\u00e1veis<\/b><\/p><p>Edi\u00e7\u00e3o 9 &#8211; Rosi Rico e Wellington Soares<\/p><p>Edi\u00e7\u00f5es 5 a 8 &#8211; Wellington Soares<\/p><p>Edi\u00e7\u00f5es 1 a 4 &#8211; Rodrigo Ratier<\/p>\t\t\t\t\t\t\t\t<\/div>\n\t\t\t\t<\/div>\n\t\t\t\t<\/div>\n\t\t\t\t<\/div>\n\t\t<div class=\"elementor-element elementor-element-b51f0be e-con-full e-flex e-con e-parent\" data-id=\"b51f0be\" data-element_type=\"container\" data-e-type=\"container\">\n\t\t<div class=\"elementor-element elementor-element-da369d2 e-con-full e-flex e-con e-child\" data-id=\"da369d2\" data-element_type=\"container\" data-e-type=\"container\">\n\t\t\t\t<div class=\"elementor-element elementor-element-5ed5886 elementor-widget elementor-widget-image\" data-id=\"5ed5886\" data-element_type=\"widget\" data-e-type=\"widget\" data-widget_type=\"image.default\">\n\t\t\t\t<div class=\"elementor-widget-container\">\n\t\t\t\t\t\t\t\t\t\t\t\t\t\t\t<img fetchpriority=\"high\" decoding=\"async\" width=\"1226\" height=\"1206\" src=\"https:\/\/site.veracruz.edu.br\/zumzum\/wp-content\/uploads\/2022\/03\/C9CASAVERACRUZ-RGB-e1774368850509.png\" class=\"attachment-full size-full wp-image-1219\" alt=\"\" srcset=\"https:\/\/site.veracruz.edu.br\/zumzum\/wp-content\/uploads\/2022\/03\/C9CASAVERACRUZ-RGB-e1774368850509.png 1226w, https:\/\/site.veracruz.edu.br\/zumzum\/wp-content\/uploads\/2022\/03\/C9CASAVERACRUZ-RGB-e1774368850509-300x295.png 300w, https:\/\/site.veracruz.edu.br\/zumzum\/wp-content\/uploads\/2022\/03\/C9CASAVERACRUZ-RGB-e1774368850509-1024x1007.png 1024w, https:\/\/site.veracruz.edu.br\/zumzum\/wp-content\/uploads\/2022\/03\/C9CASAVERACRUZ-RGB-e1774368850509-768x755.png 768w\" sizes=\"(max-width: 1226px) 100vw, 1226px\" \/>\t\t\t\t\t\t\t\t\t\t\t\t\t\t\t<\/div>\n\t\t\t\t<\/div>\n\t\t\t\t<\/div>\n\t\t<div class=\"elementor-element elementor-element-22626b4 e-con-full e-flex e-con e-child\" data-id=\"22626b4\" data-element_type=\"container\" data-e-type=\"container\">\n\t\t\t\t<div class=\"elementor-element elementor-element-734c1a1 elementor-widget elementor-widget-text-editor\" data-id=\"734c1a1\" data-element_type=\"widget\" data-e-type=\"widget\" data-widget_type=\"text-editor.default\">\n\t\t\t\t<div class=\"elementor-widget-container\">\n\t\t\t\t\t\t\t\t\t<p>Claudia Cavalcanti (Gest\u00e3o)<\/p><p>Juliana Lopes (Dire\u00e7\u00e3o de arte)<\/p><p>Ana Caroline Gomes (Web design)<\/p>\t\t\t\t\t\t\t\t<\/div>\n\t\t\t\t<\/div>\n\t\t\t\t<\/div>\n\t\t\t\t<\/div>\n\t\t<div class=\"elementor-element elementor-element-ba5e57d e-con-full elementor-hidden-mobile e-flex e-con e-parent\" data-id=\"ba5e57d\" data-element_type=\"container\" data-e-type=\"container\">\n\t\t<div class=\"elementor-element elementor-element-6768b15 e-con-full e-flex e-con e-child\" data-id=\"6768b15\" data-element_type=\"container\" data-e-type=\"container\">\n\t\t\t\t<\/div>\n\t\t<div class=\"elementor-element elementor-element-c3190a3 e-con-full e-flex e-con e-child\" data-id=\"c3190a3\" data-element_type=\"container\" data-e-type=\"container\">\n\t\t\t\t<div class=\"elementor-element elementor-element-3688de3 elementor-widget elementor-widget-text-editor\" data-id=\"3688de3\" data-element_type=\"widget\" data-e-type=\"widget\" data-widget_type=\"text-editor.default\">\n\t\t\t\t<div class=\"elementor-widget-container\">\n\t\t\t\t\t\t\t\t\t<p><b>Comit\u00ea de Diversidade Racial da Escola Vera Cruz<\/b><\/p><p>Aida Binze, Angelica Ferrarez de Almeida, Ang\u00e9lica Sacramento, Claudia C\u00e2ndido, Cristiane Aparecida da Silva Santos, Cristiane Batista Santos, Daniel Helene, Dimitri Pinheiro, Fabiana Meirelles, Haila Maciel, Ivan Prado, Jorge Luiz de Almeida Ventura, Juliana de Paula Costa, Juliana Sartori, Jussara Ferreira, Luis Fernando Costa, Maria Luiza Gabriel da Silva, Maria Isabel de Barros, Maria de Los Angeles Rodrigues, Natacha Costa, Renata Cardoso, Rosyane Maria da Silva, Soraia de Souza Mesquita, Sheila Perina, Thawany de Freitas<\/p>\t\t\t\t\t\t\t\t<\/div>\n\t\t\t\t<\/div>\n\t\t\t\t<div class=\"elementor-element elementor-element-07d3d3c elementor-widget elementor-widget-text-editor\" data-id=\"07d3d3c\" data-element_type=\"widget\" data-e-type=\"widget\" data-widget_type=\"text-editor.default\">\n\t\t\t\t<div class=\"elementor-widget-container\">\n\t\t\t\t\t\t\t\t\t<p><b>Grupo guardi\u00e3o<\/b><\/p><p><span data-olk-copy-source=\"MessageBody\">Adriana Nana Patarra, Ana L\u00facia Monteiro Yoneya, Andr\u00e9 Reinach, Arianda Patr\u00edcia Linhares Bispo, Beatriz Pilnik, Bertile Furuta Jos\u00e9, Catarina Iavelberg, Claudia da Silva Alberto Primo, Cl\u00e9lia Cortez, Cristiane Santos, Cristina Coin, Daniel Helene, Daniel Raichelis Degenszajn, D\u00e9bora Rana, Elisabete Ferreira da Mota, Emiliam Cunha (Dami), Fabiana Meirelles, Flavia Fernandes, Fl\u00e1via Ricca, Greyce Mendes Santiago, Helena Nobrega de Menezes, Jaqueline Mendes de Almeida, Juliana Caetano,\u00a0Juliana Parreira, K\u00e1tia Fraz\u00e3o, Lais Palermo Louren\u00e7o, Lia Reinach, Lucas Santos, L\u00facia Regina Zmekhol, Luciana Cabral, M\u00e1rcia Cristina de Almeida Moraes, Maria Carolina Gon\u00e7alves Venuto Oliveira, M\u00e1rio Zanca, Marli de Barros, Matheus Monteiro Xavier, Nina Nogueira Brogiollo, Olivia Seripierri Chaves, Patricia Norbert de Goeye, Rafael Andrade Pereira, Regina Scarpa,\u00a0Richard Guimar\u00e3es Brito,\u00a0Simone Fernandes, Teresa Oliveira Lima, Thatiany Candido Oliveira dos Santos, Vaniery Amorim, Vinicius Tubino<\/span><\/p>\t\t\t\t\t\t\t\t<\/div>\n\t\t\t\t<\/div>\n\t\t\t\t<div class=\"elementor-element elementor-element-b06be45 elementor-widget elementor-widget-text-editor\" data-id=\"b06be45\" data-element_type=\"widget\" data-e-type=\"widget\" data-widget_type=\"text-editor.default\">\n\t\t\t\t<div class=\"elementor-widget-container\">\n\t\t\t\t\t\t\t\t\t<p><b>Capas<\/b><\/p><p>Edi\u00e7\u00e3o 7 a atual &#8211; Juliana Lopes<\/p><p>Edi\u00e7\u00f5es 2 a 6 &#8211; Kiki Milan<\/p><p>Edi\u00e7\u00e3o 1 e imagem da home &#8211; <a href=\"#minibio\">Luiz Lira<\/a>. Coletivo XiloCeasa.<\/p>\t\t\t\t\t\t\t\t<\/div>\n\t\t\t\t<\/div>\n\t\t\t\t<\/div>\n\t\t\t\t<\/div>\n\t\t<div class=\"elementor-element elementor-element-8bc892f e-con-full e-flex e-con e-parent\" data-id=\"8bc892f\" data-element_type=\"container\" data-e-type=\"container\">\n\t\t<div class=\"elementor-element elementor-element-972fef1 e-con-full e-flex e-con e-child\" data-id=\"972fef1\" data-element_type=\"container\" data-e-type=\"container\">\n\t\t\t\t<\/div>\n\t\t<div class=\"elementor-element elementor-element-eba9f64 e-con-full e-flex e-con e-child\" data-id=\"eba9f64\" data-element_type=\"container\" data-e-type=\"container\">\n\t\t\t\t<div class=\"elementor-element elementor-element-f9f0314 elementor-widget elementor-widget-gallery\" data-id=\"f9f0314\" data-element_type=\"widget\" data-e-type=\"widget\" data-settings=\"{&quot;gallery_layout&quot;:&quot;justified&quot;,&quot;ideal_row_height&quot;:{&quot;unit&quot;:&quot;px&quot;,&quot;size&quot;:260,&quot;sizes&quot;:[]},&quot;lazyload&quot;:&quot;yes&quot;,&quot;ideal_row_height_tablet&quot;:{&quot;unit&quot;:&quot;px&quot;,&quot;size&quot;:150,&quot;sizes&quot;:[]},&quot;ideal_row_height_mobile&quot;:{&quot;unit&quot;:&quot;px&quot;,&quot;size&quot;:150,&quot;sizes&quot;:[]},&quot;gap&quot;:{&quot;unit&quot;:&quot;px&quot;,&quot;size&quot;:10,&quot;sizes&quot;:[]},&quot;gap_tablet&quot;:{&quot;unit&quot;:&quot;px&quot;,&quot;size&quot;:10,&quot;sizes&quot;:[]},&quot;gap_mobile&quot;:{&quot;unit&quot;:&quot;px&quot;,&quot;size&quot;:10,&quot;sizes&quot;:[]},&quot;link_to&quot;:&quot;file&quot;,&quot;overlay_background&quot;:&quot;yes&quot;,&quot;content_hover_animation&quot;:&quot;fade-in&quot;}\" data-widget_type=\"gallery.default\">\n\t\t\t\t<div class=\"elementor-widget-container\">\n\t\t\t\t\t\t\t<div class=\"elementor-gallery__container\">\n\t\t\t\t\t\t\t<a class=\"e-gallery-item elementor-gallery-item elementor-animated-content\" href=\"https:\/\/site.veracruz.edu.br\/zumzum\/wp-content\/uploads\/2022\/03\/Luiz_Lira_00-1-Copia-scaled.jpg\" data-elementor-open-lightbox=\"yes\" data-elementor-lightbox-slideshow=\"f9f0314\" data-elementor-lightbox-title=\"Luiz_Lira_00 (1) - Copia\" data-e-action-hash=\"#elementor-action%3Aaction%3Dlightbox%26settings%3DeyJpZCI6MTU1OSwidXJsIjoiaHR0cHM6XC9cL3NpdGUudmVyYWNydXouZWR1LmJyXC96dW16dW1cL3dwLWNvbnRlbnRcL3VwbG9hZHNcLzIwMjJcLzAzXC9MdWl6X0xpcmFfMDAtMS1Db3BpYS1zY2FsZWQuanBnIiwic2xpZGVzaG93IjoiZjlmMDMxNCJ9\">\n\t\t\t\t\t<div class=\"e-gallery-image elementor-gallery-item__image\" data-thumbnail=\"https:\/\/site.veracruz.edu.br\/zumzum\/wp-content\/uploads\/2022\/03\/Luiz_Lira_00-1-Copia-scaled.jpg\" data-width=\"1859\" data-height=\"2560\" aria-label=\"\" role=\"img\" ><\/div>\n\t\t\t\t\t\t\t\t\t\t\t<div class=\"elementor-gallery-item__overlay\"><\/div>\n\t\t\t\t\t\t\t\t\t\t\t\t\t\t<\/a>\n\t\t\t\t\t\t\t<a class=\"e-gallery-item elementor-gallery-item elementor-animated-content\" href=\"https:\/\/site.veracruz.edu.br\/zumzum\/wp-content\/uploads\/2022\/03\/sem_titulo_Lira-1-scaled.jpg\" data-elementor-open-lightbox=\"yes\" data-elementor-lightbox-slideshow=\"f9f0314\" data-elementor-lightbox-title=\"sem_titulo_Lira\" data-e-action-hash=\"#elementor-action%3Aaction%3Dlightbox%26settings%3DeyJpZCI6MTU2MCwidXJsIjoiaHR0cHM6XC9cL3NpdGUudmVyYWNydXouZWR1LmJyXC96dW16dW1cL3dwLWNvbnRlbnRcL3VwbG9hZHNcLzIwMjJcLzAzXC9zZW1fdGl0dWxvX0xpcmEtMS1zY2FsZWQuanBnIiwic2xpZGVzaG93IjoiZjlmMDMxNCJ9\">\n\t\t\t\t\t<div class=\"e-gallery-image elementor-gallery-item__image\" data-thumbnail=\"https:\/\/site.veracruz.edu.br\/zumzum\/wp-content\/uploads\/2022\/03\/sem_titulo_Lira-1-scaled.jpg\" data-width=\"2560\" data-height=\"1814\" aria-label=\"\" role=\"img\" ><\/div>\n\t\t\t\t\t\t\t\t\t\t\t<div class=\"elementor-gallery-item__overlay\"><\/div>\n\t\t\t\t\t\t\t\t\t\t\t\t\t\t<\/a>\n\t\t\t\t\t<\/div>\n\t\t\t\t\t<\/div>\n\t\t\t\t<\/div>\n\t\t\t\t<\/div>\n\t\t<div class=\"elementor-element elementor-element-9e0f592 e-con-full e-flex e-con e-child\" data-id=\"9e0f592\" data-element_type=\"container\" data-e-type=\"container\">\n\t\t\t\t<\/div>\n\t\t\t\t<\/div>\n\t\t\t\t\t<\/div>\n\t\t<\/div>\n\t\t\t\t\t<\/div>\n\t\t<\/section>\n\t\t\t\t<\/div>\n\t\t","protected":false},"excerpt":{"rendered":"<p>Dire\u00e7\u00e3o da Escola Vera Cruz Natacha Costa (Dire\u00e7\u00e3o geral) Marcelo Chulam (Dire\u00e7\u00e3o de gest\u00e3o) Daniel Helene e Regina Scarpa (Dire\u00e7\u00e3o pedag\u00f3gica) Conselho editorial\u00a0 Adriana de Rezende,\u00a0Alexandre Leite, Alicia Alexandre Ara\u00fajo, Aline Ata\u00edde, Ana Bergamin, Arianda Patr\u00edcia Linhares Bispo, Camila Urquizas Campello, Cl\u00e9lia Cortez,\u00a0Daniel Helene, Fabiana Meirelles, Juliana de Paula Costa, M\u00e1rcia Cristina de Almeida Moraes,\u00a0Natacha [&hellip;]<\/p>\n","protected":false},"author":1,"featured_media":0,"parent":0,"menu_order":0,"comment_status":"closed","ping_status":"closed","template":"elementor_header_footer","meta":{"_acf_changed":false,"footnotes":""},"class_list":["post-245","page","type-page","status-publish","hentry"],"acf":[],"_links":{"self":[{"href":"https:\/\/site.veracruz.edu.br\/zumzum\/wp-json\/wp\/v2\/pages\/245","targetHints":{"allow":["GET"]}}],"collection":[{"href":"https:\/\/site.veracruz.edu.br\/zumzum\/wp-json\/wp\/v2\/pages"}],"about":[{"href":"https:\/\/site.veracruz.edu.br\/zumzum\/wp-json\/wp\/v2\/types\/page"}],"author":[{"embeddable":true,"href":"https:\/\/site.veracruz.edu.br\/zumzum\/wp-json\/wp\/v2\/users\/1"}],"replies":[{"embeddable":true,"href":"https:\/\/site.veracruz.edu.br\/zumzum\/wp-json\/wp\/v2\/comments?post=245"}],"version-history":[{"count":208,"href":"https:\/\/site.veracruz.edu.br\/zumzum\/wp-json\/wp\/v2\/pages\/245\/revisions"}],"predecessor-version":[{"id":5104,"href":"https:\/\/site.veracruz.edu.br\/zumzum\/wp-json\/wp\/v2\/pages\/245\/revisions\/5104"}],"wp:attachment":[{"href":"https:\/\/site.veracruz.edu.br\/zumzum\/wp-json\/wp\/v2\/media?parent=245"}],"curies":[{"name":"wp","href":"https:\/\/api.w.org\/{rel}","templated":true}]}}