{"id":2322,"date":"2022-09-08T16:03:51","date_gmt":"2022-09-08T19:03:51","guid":{"rendered":"https:\/\/site.veracruz.edu.br\/zumzum\/?page_id=2322"},"modified":"2026-04-09T16:17:30","modified_gmt":"2026-04-09T19:17:30","slug":"index","status":"publish","type":"page","link":"https:\/\/site.veracruz.edu.br\/zumzum\/","title":{"rendered":"Index"},"content":{"rendered":"\t\t<div data-elementor-type=\"wp-page\" data-elementor-id=\"2322\" class=\"elementor elementor-2322\" data-elementor-post-type=\"page\">\n\t\t\t\t\t\t<section class=\"elementor-section elementor-top-section elementor-element elementor-element-2522b98 elementor-section-content-top elementor-section-boxed elementor-section-height-default elementor-section-height-default\" data-id=\"2522b98\" data-element_type=\"section\" data-e-type=\"section\">\n\t\t\t\t\t\t<div class=\"elementor-container elementor-column-gap-no\">\n\t\t\t\t\t<div class=\"elementor-column elementor-col-66 elementor-top-column elementor-element elementor-element-aeb4ed2\" data-id=\"aeb4ed2\" data-element_type=\"column\" data-e-type=\"column\">\n\t\t\t<div class=\"elementor-widget-wrap elementor-element-populated\">\n\t\t\t\t\t\t<div class=\"elementor-element elementor-element-09c82b0 elementor-widget elementor-widget-image\" data-id=\"09c82b0\" data-element_type=\"widget\" data-e-type=\"widget\" data-widget_type=\"image.default\">\n\t\t\t\t<div class=\"elementor-widget-container\">\n\t\t\t\t\t\t\t\t\t\t\t\t<figure class=\"wp-caption\">\n\t\t\t\t\t\t\t\t\t\t<img fetchpriority=\"high\" decoding=\"async\" width=\"800\" height=\"567\" src=\"https:\/\/site.veracruz.edu.br\/zumzum\/wp-content\/uploads\/2022\/03\/sem_titulo_Lira-1024x726.jpg\" class=\"attachment-large size-large wp-image-1397\" alt=\"\" srcset=\"https:\/\/site.veracruz.edu.br\/zumzum\/wp-content\/uploads\/2022\/03\/sem_titulo_Lira-1024x726.jpg 1024w, https:\/\/site.veracruz.edu.br\/zumzum\/wp-content\/uploads\/2022\/03\/sem_titulo_Lira-300x213.jpg 300w, https:\/\/site.veracruz.edu.br\/zumzum\/wp-content\/uploads\/2022\/03\/sem_titulo_Lira-768x544.jpg 768w, https:\/\/site.veracruz.edu.br\/zumzum\/wp-content\/uploads\/2022\/03\/sem_titulo_Lira-1536x1088.jpg 1536w, https:\/\/site.veracruz.edu.br\/zumzum\/wp-content\/uploads\/2022\/03\/sem_titulo_Lira-2048x1451.jpg 2048w\" sizes=\"(max-width: 800px) 100vw, 800px\" \/>\t\t\t\t\t\t\t\t\t\t\t<figcaption class=\"widget-image-caption wp-caption-text\">LIRA, Luiz. Coletivo XiloCeasa.<\/figcaption>\n\t\t\t\t\t\t\t\t\t\t<\/figure>\n\t\t\t\t\t\t\t\t\t<\/div>\n\t\t\t\t<\/div>\n\t\t\t\t<div class=\"elementor-element elementor-element-acd93a1 elementor-widget elementor-widget-heading\" data-id=\"acd93a1\" data-element_type=\"widget\" data-e-type=\"widget\" data-widget_type=\"heading.default\">\n\t\t\t\t<div class=\"elementor-widget-container\">\n\t\t\t\t\t<h2 class=\"elementor-heading-title elementor-size-default\">Bem-vindo, bem-vinda!<\/h2>\t\t\t\t<\/div>\n\t\t\t\t<\/div>\n\t\t\t\t<div class=\"elementor-element elementor-element-30439d2 elementor-widget elementor-widget-text-editor\" data-id=\"30439d2\" data-element_type=\"widget\" data-e-type=\"widget\" data-widget_type=\"text-editor.default\">\n\t\t\t\t<div class=\"elementor-widget-container\">\n\t\t\t\t\t\t\t\t\t<p><span style=\"font-weight: 400;\">Voc\u00ea est\u00e1 a um clique da <\/span><b>Zum-Zum<\/b><span style=\"font-weight: 400;\">, a revista de educa\u00e7\u00e3o antirracista do Vera. Aqui voc\u00ea encontra a riqueza do projeto da Escola e do Instituto em todos os seus segmentos \u2013 al\u00e9m de informa\u00e7\u00f5es e debates sobre as pr\u00e1ticas antirracistas. Clique no link abaixo para conhecer nossas edi\u00e7\u00f5es!<\/span><\/p>\t\t\t\t\t\t\t\t<\/div>\n\t\t\t\t<\/div>\n\t\t\t\t\t<\/div>\n\t\t<\/div>\n\t\t\t\t<div class=\"elementor-column elementor-col-33 elementor-top-column elementor-element elementor-element-dd462d6\" data-id=\"dd462d6\" data-element_type=\"column\" data-e-type=\"column\" data-settings=\"{&quot;background_background&quot;:&quot;classic&quot;}\">\n\t\t\t<div class=\"elementor-widget-wrap elementor-element-populated\">\n\t\t\t\t\t\t<section class=\"elementor-section elementor-inner-section elementor-element elementor-element-e15754a elementor-section-boxed elementor-section-height-default elementor-section-height-default\" data-id=\"e15754a\" data-element_type=\"section\" data-e-type=\"section\">\n\t\t\t\t\t\t<div class=\"elementor-container elementor-column-gap-default\">\n\t\t\t\t\t<div class=\"elementor-column elementor-col-100 elementor-inner-column elementor-element elementor-element-6c5a0ea\" data-id=\"6c5a0ea\" data-element_type=\"column\" data-e-type=\"column\" data-settings=\"{&quot;background_background&quot;:&quot;classic&quot;}\">\n\t\t\t<div class=\"elementor-widget-wrap elementor-element-populated\">\n\t\t\t\t\t\t<div class=\"elementor-element elementor-element-b361327 elementor-widget elementor-widget-heading\" data-id=\"b361327\" data-element_type=\"widget\" data-e-type=\"widget\" data-widget_type=\"heading.default\">\n\t\t\t\t<div class=\"elementor-widget-container\">\n\t\t\t\t\t<h2 class=\"elementor-heading-title elementor-size-default\">Cadastre-se para receber as novidades da Zum-Zum<\/h2>\t\t\t\t<\/div>\n\t\t\t\t<\/div>\n\t\t\t\t<div class=\"elementor-element elementor-element-3241a9d elementor-button-align-stretch elementor-widget elementor-widget-form\" data-id=\"3241a9d\" data-element_type=\"widget\" data-e-type=\"widget\" data-settings=\"{&quot;step_next_label&quot;:&quot;Pr\\u00f3ximo&quot;,&quot;step_previous_label&quot;:&quot;Anterior&quot;,&quot;step_type&quot;:&quot;none&quot;,&quot;step_icon_shape&quot;:&quot;none&quot;,&quot;button_width&quot;:&quot;100&quot;}\" data-widget_type=\"form.default\">\n\t\t\t\t<div class=\"elementor-widget-container\">\n\t\t\t\t\t\t\t<form class=\"elementor-form\" method=\"post\" name=\"Cadastro de assinantes\" aria-label=\"Cadastro de assinantes\">\n\t\t\t<input type=\"hidden\" name=\"post_id\" value=\"2322\"\/>\n\t\t\t<input type=\"hidden\" name=\"form_id\" value=\"3241a9d\"\/>\n\t\t\t<input type=\"hidden\" name=\"referer_title\" value=\"\" \/>\n\n\t\t\t\t\t\t\t<input type=\"hidden\" name=\"queried_id\" value=\"2322\"\/>\n\t\t\t\n\t\t\t<div class=\"elementor-form-fields-wrapper elementor-labels-above\">\n\t\t\t\t\t\t\t\t<div class=\"elementor-field-type-text elementor-field-group elementor-column elementor-field-group-name elementor-col-100 elementor-field-required\">\n\t\t\t\t\t\t\t\t\t\t\t\t\t<input size=\"1\" type=\"text\" name=\"form_fields[name]\" id=\"form-field-name\" class=\"elementor-field elementor-size-sm  elementor-field-textual\" placeholder=\"nome\" required=\"required\">\n\t\t\t\t\t\t\t\t\t\t\t<\/div>\n\t\t\t\t\t\t\t\t<div class=\"elementor-field-type-email elementor-field-group elementor-column elementor-field-group-email elementor-col-100 elementor-field-required\">\n\t\t\t\t\t\t\t\t\t\t\t\t\t<input size=\"1\" type=\"email\" name=\"form_fields[email]\" id=\"form-field-email\" class=\"elementor-field elementor-size-sm  elementor-field-textual\" placeholder=\"e-mail\" required=\"required\">\n\t\t\t\t\t\t\t\t\t\t\t<\/div>\n\t\t\t\t\t\t\t\t<div class=\"elementor-field-group elementor-column elementor-field-type-submit elementor-col-100 e-form__buttons\">\n\t\t\t\t\t<button class=\"elementor-button elementor-size-xs\" type=\"submit\">\n\t\t\t\t\t\t<span class=\"elementor-button-content-wrapper\">\n\t\t\t\t\t\t\t\t\t\t\t\t\t\t\t\t\t\t\t\t\t\t<span class=\"elementor-button-text\">Enviar<\/span>\n\t\t\t\t\t\t\t\t\t\t\t\t\t<\/span>\n\t\t\t\t\t<\/button>\n\t\t\t\t<\/div>\n\t\t\t<\/div>\n\t\t<\/form>\n\t\t\t\t\t\t<\/div>\n\t\t\t\t<\/div>\n\t\t\t\t\t<\/div>\n\t\t<\/div>\n\t\t\t\t\t<\/div>\n\t\t<\/section>\n\t\t\t\t<div class=\"elementor-element elementor-element-f549b4e elementor-position-left elementor-vertical-align-middle elementor-widget elementor-widget-image-box\" data-id=\"f549b4e\" data-element_type=\"widget\" data-e-type=\"widget\" data-widget_type=\"image-box.default\">\n\t\t\t\t<div class=\"elementor-widget-container\">\n\t\t\t\t\t<div class=\"elementor-image-box-wrapper\"><figure class=\"elementor-image-box-img\"><a href=\"https:\/\/open.spotify.com\/show\/1z5o1i2nKdACufwo3WdlqP\" target=\"_blank\" tabindex=\"-1\"><img decoding=\"async\" width=\"512\" height=\"512\" src=\"https:\/\/site.veracruz.edu.br\/zumzum\/wp-content\/uploads\/2022\/02\/microfone4.png\" class=\"attachment-full size-full wp-image-314\" alt=\"\" srcset=\"https:\/\/site.veracruz.edu.br\/zumzum\/wp-content\/uploads\/2022\/02\/microfone4.png 512w, https:\/\/site.veracruz.edu.br\/zumzum\/wp-content\/uploads\/2022\/02\/microfone4-300x300.png 300w, https:\/\/site.veracruz.edu.br\/zumzum\/wp-content\/uploads\/2022\/02\/microfone4-150x150.png 150w\" sizes=\"(max-width: 512px) 100vw, 512px\" \/><\/a><\/figure><div class=\"elementor-image-box-content\"><h3 class=\"elementor-image-box-title\"><a href=\"https:\/\/open.spotify.com\/show\/1z5o1i2nKdACufwo3WdlqP\" target=\"_blank\">Ou\u00e7a nosso podcast<\/a><\/h3><\/div><\/div>\t\t\t\t<\/div>\n\t\t\t\t<\/div>\n\t\t\t\t\t<\/div>\n\t\t<\/div>\n\t\t\t\t\t<\/div>\n\t\t<\/section>\n\t\t<div class=\"elementor-element elementor-element-befc7cf e-flex e-con-boxed e-con e-parent\" data-id=\"befc7cf\" data-element_type=\"container\" data-e-type=\"container\">\n\t\t\t\t\t<div class=\"e-con-inner\">\n\t\t<div class=\"elementor-element elementor-element-0ac9b59 e-con-full e-flex e-con e-child\" data-id=\"0ac9b59\" data-element_type=\"container\" data-e-type=\"container\">\n\t\t\t\t<div class=\"elementor-element elementor-element-89c396e elementor-grid-3 elementor-grid-tablet-2 elementor-grid-mobile-1 elementor-posts--thumbnail-top elementor-widget elementor-widget-posts\" data-id=\"89c396e\" data-element_type=\"widget\" data-e-type=\"widget\" data-settings=\"{&quot;classic_row_gap&quot;:{&quot;unit&quot;:&quot;px&quot;,&quot;size&quot;:16,&quot;sizes&quot;:[]},&quot;classic_masonry&quot;:&quot;yes&quot;,&quot;classic_columns&quot;:&quot;3&quot;,&quot;classic_columns_tablet&quot;:&quot;2&quot;,&quot;classic_columns_mobile&quot;:&quot;1&quot;,&quot;classic_row_gap_tablet&quot;:{&quot;unit&quot;:&quot;px&quot;,&quot;size&quot;:&quot;&quot;,&quot;sizes&quot;:[]},&quot;classic_row_gap_mobile&quot;:{&quot;unit&quot;:&quot;px&quot;,&quot;size&quot;:&quot;&quot;,&quot;sizes&quot;:[]}}\" data-widget_type=\"posts.classic\">\n\t\t\t\t<div class=\"elementor-widget-container\">\n\t\t\t\t\t\t\t<div class=\"elementor-posts-container elementor-posts elementor-posts--skin-classic elementor-grid\" role=\"list\">\n\t\t\t\t<article class=\"elementor-post elementor-grid-item post-4593 edicoes type-edicoes status-publish has-post-thumbnail hentry\" role=\"listitem\">\n\t\t\t\t<a class=\"elementor-post__thumbnail__link\" href=\"https:\/\/site.veracruz.edu.br\/zumzum\/edicoes\/edicao-9\/\" tabindex=\"-1\" >\n\t\t\t<div class=\"elementor-post__thumbnail\"><img decoding=\"async\" width=\"1754\" height=\"2480\" src=\"https:\/\/site.veracruz.edu.br\/zumzum\/wp-content\/uploads\/2026\/03\/capa_zum-zum_ed9.jpg\" class=\"attachment-full size-full wp-image-4594\" alt=\"\" srcset=\"https:\/\/site.veracruz.edu.br\/zumzum\/wp-content\/uploads\/2026\/03\/capa_zum-zum_ed9.jpg 1754w, https:\/\/site.veracruz.edu.br\/zumzum\/wp-content\/uploads\/2026\/03\/capa_zum-zum_ed9-212x300.jpg 212w, https:\/\/site.veracruz.edu.br\/zumzum\/wp-content\/uploads\/2026\/03\/capa_zum-zum_ed9-724x1024.jpg 724w, https:\/\/site.veracruz.edu.br\/zumzum\/wp-content\/uploads\/2026\/03\/capa_zum-zum_ed9-768x1086.jpg 768w, https:\/\/site.veracruz.edu.br\/zumzum\/wp-content\/uploads\/2026\/03\/capa_zum-zum_ed9-1086x1536.jpg 1086w, https:\/\/site.veracruz.edu.br\/zumzum\/wp-content\/uploads\/2026\/03\/capa_zum-zum_ed9-1448x2048.jpg 1448w\" sizes=\"(max-width: 1754px) 100vw, 1754px\" \/><\/div>\n\t\t<\/a>\n\t\t\t\t<div class=\"elementor-post__text\">\n\t\t\t\t<h3 class=\"elementor-post__title\">\n\t\t\t<a href=\"https:\/\/site.veracruz.edu.br\/zumzum\/edicoes\/edicao-9\/\" >\n\t\t\t\tEdi\u00e7\u00e3o 9\t\t\t<\/a>\n\t\t<\/h3>\n\t\t\t\t<div class=\"elementor-post__meta-data\">\n\t\t\t\t\t<span class=\"elementor-post-date\">\n\t\t\tabril de 2026\t\t<\/span>\n\t\t\t\t<\/div>\n\t\t\t\t<\/div>\n\t\t\t\t<\/article>\n\t\t\t\t<article class=\"elementor-post elementor-grid-item post-4331 edicoes type-edicoes status-publish has-post-thumbnail hentry\" role=\"listitem\">\n\t\t\t\t<a class=\"elementor-post__thumbnail__link\" href=\"https:\/\/site.veracruz.edu.br\/zumzum\/edicoes\/edicao-8\/\" tabindex=\"-1\" >\n\t\t\t<div class=\"elementor-post__thumbnail\"><img loading=\"lazy\" decoding=\"async\" width=\"1810\" height=\"2560\" src=\"https:\/\/site.veracruz.edu.br\/zumzum\/wp-content\/uploads\/2025\/09\/capa_zum-zum_ed8-scaled.jpg\" class=\"attachment-full size-full wp-image-4542\" alt=\"\" srcset=\"https:\/\/site.veracruz.edu.br\/zumzum\/wp-content\/uploads\/2025\/09\/capa_zum-zum_ed8-scaled.jpg 1810w, https:\/\/site.veracruz.edu.br\/zumzum\/wp-content\/uploads\/2025\/09\/capa_zum-zum_ed8-212x300.jpg 212w, https:\/\/site.veracruz.edu.br\/zumzum\/wp-content\/uploads\/2025\/09\/capa_zum-zum_ed8-724x1024.jpg 724w, https:\/\/site.veracruz.edu.br\/zumzum\/wp-content\/uploads\/2025\/09\/capa_zum-zum_ed8-768x1086.jpg 768w, https:\/\/site.veracruz.edu.br\/zumzum\/wp-content\/uploads\/2025\/09\/capa_zum-zum_ed8-1086x1536.jpg 1086w, https:\/\/site.veracruz.edu.br\/zumzum\/wp-content\/uploads\/2025\/09\/capa_zum-zum_ed8-1448x2048.jpg 1448w\" sizes=\"(max-width: 1810px) 100vw, 1810px\" \/><\/div>\n\t\t<\/a>\n\t\t\t\t<div class=\"elementor-post__text\">\n\t\t\t\t<h3 class=\"elementor-post__title\">\n\t\t\t<a href=\"https:\/\/site.veracruz.edu.br\/zumzum\/edicoes\/edicao-8\/\" >\n\t\t\t\tEdi\u00e7\u00e3o 8\t\t\t<\/a>\n\t\t<\/h3>\n\t\t\t\t<div class=\"elementor-post__meta-data\">\n\t\t\t\t\t<span class=\"elementor-post-date\">\n\t\t\tsetembro de 2025\t\t<\/span>\n\t\t\t\t<\/div>\n\t\t\t\t<\/div>\n\t\t\t\t<\/article>\n\t\t\t\t<article class=\"elementor-post elementor-grid-item post-4044 edicoes type-edicoes status-publish has-post-thumbnail hentry\" role=\"listitem\">\n\t\t\t\t<a class=\"elementor-post__thumbnail__link\" href=\"https:\/\/site.veracruz.edu.br\/zumzum\/edicoes\/edicao-7\/\" tabindex=\"-1\" >\n\t\t\t<div class=\"elementor-post__thumbnail\"><img loading=\"lazy\" decoding=\"async\" width=\"1810\" height=\"2560\" src=\"https:\/\/site.veracruz.edu.br\/zumzum\/wp-content\/uploads\/2025\/03\/capa_zum-zum_ed7-scaled.jpg\" class=\"attachment-full size-full wp-image-4159\" alt=\"\" srcset=\"https:\/\/site.veracruz.edu.br\/zumzum\/wp-content\/uploads\/2025\/03\/capa_zum-zum_ed7-scaled.jpg 1810w, https:\/\/site.veracruz.edu.br\/zumzum\/wp-content\/uploads\/2025\/03\/capa_zum-zum_ed7-212x300.jpg 212w, https:\/\/site.veracruz.edu.br\/zumzum\/wp-content\/uploads\/2025\/03\/capa_zum-zum_ed7-724x1024.jpg 724w, https:\/\/site.veracruz.edu.br\/zumzum\/wp-content\/uploads\/2025\/03\/capa_zum-zum_ed7-768x1086.jpg 768w, https:\/\/site.veracruz.edu.br\/zumzum\/wp-content\/uploads\/2025\/03\/capa_zum-zum_ed7-1086x1536.jpg 1086w, https:\/\/site.veracruz.edu.br\/zumzum\/wp-content\/uploads\/2025\/03\/capa_zum-zum_ed7-1448x2048.jpg 1448w\" sizes=\"(max-width: 1810px) 100vw, 1810px\" \/><\/div>\n\t\t<\/a>\n\t\t\t\t<div class=\"elementor-post__text\">\n\t\t\t\t<h3 class=\"elementor-post__title\">\n\t\t\t<a href=\"https:\/\/site.veracruz.edu.br\/zumzum\/edicoes\/edicao-7\/\" >\n\t\t\t\tEdi\u00e7\u00e3o 7\t\t\t<\/a>\n\t\t<\/h3>\n\t\t\t\t<div class=\"elementor-post__meta-data\">\n\t\t\t\t\t<span class=\"elementor-post-date\">\n\t\t\tmar\u00e7o de 2025\t\t<\/span>\n\t\t\t\t<\/div>\n\t\t\t\t<\/div>\n\t\t\t\t<\/article>\n\t\t\t\t<article class=\"elementor-post elementor-grid-item post-3759 edicoes type-edicoes status-publish has-post-thumbnail hentry\" role=\"listitem\">\n\t\t\t\t<a class=\"elementor-post__thumbnail__link\" href=\"https:\/\/site.veracruz.edu.br\/zumzum\/edicoes\/edicao-6\/\" tabindex=\"-1\" >\n\t\t\t<div class=\"elementor-post__thumbnail\"><img loading=\"lazy\" decoding=\"async\" width=\"595\" height=\"842\" src=\"https:\/\/site.veracruz.edu.br\/zumzum\/wp-content\/uploads\/2024\/09\/capa-ed6-zumzum.jpg\" class=\"attachment-full size-full wp-image-3903\" alt=\"\" srcset=\"https:\/\/site.veracruz.edu.br\/zumzum\/wp-content\/uploads\/2024\/09\/capa-ed6-zumzum.jpg 595w, https:\/\/site.veracruz.edu.br\/zumzum\/wp-content\/uploads\/2024\/09\/capa-ed6-zumzum-212x300.jpg 212w\" sizes=\"(max-width: 595px) 100vw, 595px\" \/><\/div>\n\t\t<\/a>\n\t\t\t\t<div class=\"elementor-post__text\">\n\t\t\t\t<h3 class=\"elementor-post__title\">\n\t\t\t<a href=\"https:\/\/site.veracruz.edu.br\/zumzum\/edicoes\/edicao-6\/\" >\n\t\t\t\tEdi\u00e7\u00e3o 6\t\t\t<\/a>\n\t\t<\/h3>\n\t\t\t\t<div class=\"elementor-post__meta-data\">\n\t\t\t\t\t<span class=\"elementor-post-date\">\n\t\t\tsetembro de 2024\t\t<\/span>\n\t\t\t\t<\/div>\n\t\t\t\t<\/div>\n\t\t\t\t<\/article>\n\t\t\t\t<article class=\"elementor-post elementor-grid-item post-3561 edicoes type-edicoes status-publish has-post-thumbnail hentry\" role=\"listitem\">\n\t\t\t\t<a class=\"elementor-post__thumbnail__link\" href=\"https:\/\/site.veracruz.edu.br\/zumzum\/edicoes\/edicao-5\/\" tabindex=\"-1\" >\n\t\t\t<div class=\"elementor-post__thumbnail\"><img loading=\"lazy\" decoding=\"async\" width=\"595\" height=\"842\" src=\"https:\/\/site.veracruz.edu.br\/zumzum\/wp-content\/uploads\/2024\/03\/capa-ed5-zumzum-final.jpg\" class=\"attachment-full size-full wp-image-3599\" alt=\"\" srcset=\"https:\/\/site.veracruz.edu.br\/zumzum\/wp-content\/uploads\/2024\/03\/capa-ed5-zumzum-final.jpg 595w, https:\/\/site.veracruz.edu.br\/zumzum\/wp-content\/uploads\/2024\/03\/capa-ed5-zumzum-final-212x300.jpg 212w\" sizes=\"(max-width: 595px) 100vw, 595px\" \/><\/div>\n\t\t<\/a>\n\t\t\t\t<div class=\"elementor-post__text\">\n\t\t\t\t<h3 class=\"elementor-post__title\">\n\t\t\t<a href=\"https:\/\/site.veracruz.edu.br\/zumzum\/edicoes\/edicao-5\/\" >\n\t\t\t\tEdi\u00e7\u00e3o 5\t\t\t<\/a>\n\t\t<\/h3>\n\t\t\t\t<div class=\"elementor-post__meta-data\">\n\t\t\t\t\t<span class=\"elementor-post-date\">\n\t\t\tmar\u00e7o de 2024\t\t<\/span>\n\t\t\t\t<\/div>\n\t\t\t\t<\/div>\n\t\t\t\t<\/article>\n\t\t\t\t<article class=\"elementor-post elementor-grid-item post-2966 edicoes type-edicoes status-publish has-post-thumbnail hentry\" role=\"listitem\">\n\t\t\t\t<a class=\"elementor-post__thumbnail__link\" href=\"https:\/\/site.veracruz.edu.br\/zumzum\/edicoes\/edicao-4\/\" tabindex=\"-1\" >\n\t\t\t<div class=\"elementor-post__thumbnail\"><img loading=\"lazy\" decoding=\"async\" width=\"1240\" height=\"1754\" src=\"https:\/\/site.veracruz.edu.br\/zumzum\/wp-content\/uploads\/2023\/09\/capa-ed4-interseccionalidade.jpg\" class=\"attachment-full size-full wp-image-3160\" alt=\"\" srcset=\"https:\/\/site.veracruz.edu.br\/zumzum\/wp-content\/uploads\/2023\/09\/capa-ed4-interseccionalidade.jpg 1240w, https:\/\/site.veracruz.edu.br\/zumzum\/wp-content\/uploads\/2023\/09\/capa-ed4-interseccionalidade-212x300.jpg 212w, https:\/\/site.veracruz.edu.br\/zumzum\/wp-content\/uploads\/2023\/09\/capa-ed4-interseccionalidade-724x1024.jpg 724w, https:\/\/site.veracruz.edu.br\/zumzum\/wp-content\/uploads\/2023\/09\/capa-ed4-interseccionalidade-768x1086.jpg 768w, https:\/\/site.veracruz.edu.br\/zumzum\/wp-content\/uploads\/2023\/09\/capa-ed4-interseccionalidade-1086x1536.jpg 1086w\" sizes=\"(max-width: 1240px) 100vw, 1240px\" \/><\/div>\n\t\t<\/a>\n\t\t\t\t<div class=\"elementor-post__text\">\n\t\t\t\t<h3 class=\"elementor-post__title\">\n\t\t\t<a href=\"https:\/\/site.veracruz.edu.br\/zumzum\/edicoes\/edicao-4\/\" >\n\t\t\t\tEdi\u00e7\u00e3o 4\t\t\t<\/a>\n\t\t<\/h3>\n\t\t\t\t<div class=\"elementor-post__meta-data\">\n\t\t\t\t\t<span class=\"elementor-post-date\">\n\t\t\tsetembro de 2023\t\t<\/span>\n\t\t\t\t<\/div>\n\t\t\t\t<\/div>\n\t\t\t\t<\/article>\n\t\t\t\t<article class=\"elementor-post elementor-grid-item post-2621 edicoes type-edicoes status-publish has-post-thumbnail hentry\" role=\"listitem\">\n\t\t\t\t<a class=\"elementor-post__thumbnail__link\" href=\"https:\/\/site.veracruz.edu.br\/zumzum\/edicoes\/edicao-3\/\" tabindex=\"-1\" >\n\t\t\t<div class=\"elementor-post__thumbnail\"><img loading=\"lazy\" decoding=\"async\" width=\"1811\" height=\"2560\" src=\"https:\/\/site.veracruz.edu.br\/zumzum\/wp-content\/uploads\/2023\/02\/capa-ed3-zumzum2-scaled.jpg\" class=\"attachment-full size-full wp-image-2680\" alt=\"\" srcset=\"https:\/\/site.veracruz.edu.br\/zumzum\/wp-content\/uploads\/2023\/02\/capa-ed3-zumzum2-scaled.jpg 1811w, https:\/\/site.veracruz.edu.br\/zumzum\/wp-content\/uploads\/2023\/02\/capa-ed3-zumzum2-212x300.jpg 212w, https:\/\/site.veracruz.edu.br\/zumzum\/wp-content\/uploads\/2023\/02\/capa-ed3-zumzum2-724x1024.jpg 724w, https:\/\/site.veracruz.edu.br\/zumzum\/wp-content\/uploads\/2023\/02\/capa-ed3-zumzum2-768x1086.jpg 768w, https:\/\/site.veracruz.edu.br\/zumzum\/wp-content\/uploads\/2023\/02\/capa-ed3-zumzum2-1086x1536.jpg 1086w, https:\/\/site.veracruz.edu.br\/zumzum\/wp-content\/uploads\/2023\/02\/capa-ed3-zumzum2-1448x2048.jpg 1448w\" sizes=\"(max-width: 1811px) 100vw, 1811px\" \/><\/div>\n\t\t<\/a>\n\t\t\t\t<div class=\"elementor-post__text\">\n\t\t\t\t<h3 class=\"elementor-post__title\">\n\t\t\t<a href=\"https:\/\/site.veracruz.edu.br\/zumzum\/edicoes\/edicao-3\/\" >\n\t\t\t\tEdi\u00e7\u00e3o 3\t\t\t<\/a>\n\t\t<\/h3>\n\t\t\t\t<div class=\"elementor-post__meta-data\">\n\t\t\t\t\t<span class=\"elementor-post-date\">\n\t\t\tfevereiro de 2023\t\t<\/span>\n\t\t\t\t<\/div>\n\t\t\t\t<\/div>\n\t\t\t\t<\/article>\n\t\t\t\t<article class=\"elementor-post elementor-grid-item post-1853 edicoes type-edicoes status-publish has-post-thumbnail hentry\" role=\"listitem\">\n\t\t\t\t<a class=\"elementor-post__thumbnail__link\" href=\"https:\/\/site.veracruz.edu.br\/zumzum\/edicoes\/edicao-2\/\" tabindex=\"-1\" >\n\t\t\t<div class=\"elementor-post__thumbnail\"><img loading=\"lazy\" decoding=\"async\" width=\"1654\" height=\"2339\" src=\"https:\/\/site.veracruz.edu.br\/zumzum\/wp-content\/uploads\/2022\/09\/capa-ed2-branc_Pagina_2.png\" class=\"attachment-full size-full wp-image-2397\" alt=\"\" srcset=\"https:\/\/site.veracruz.edu.br\/zumzum\/wp-content\/uploads\/2022\/09\/capa-ed2-branc_Pagina_2.png 1654w, https:\/\/site.veracruz.edu.br\/zumzum\/wp-content\/uploads\/2022\/09\/capa-ed2-branc_Pagina_2-212x300.png 212w, https:\/\/site.veracruz.edu.br\/zumzum\/wp-content\/uploads\/2022\/09\/capa-ed2-branc_Pagina_2-724x1024.png 724w, https:\/\/site.veracruz.edu.br\/zumzum\/wp-content\/uploads\/2022\/09\/capa-ed2-branc_Pagina_2-768x1086.png 768w, https:\/\/site.veracruz.edu.br\/zumzum\/wp-content\/uploads\/2022\/09\/capa-ed2-branc_Pagina_2-1086x1536.png 1086w, https:\/\/site.veracruz.edu.br\/zumzum\/wp-content\/uploads\/2022\/09\/capa-ed2-branc_Pagina_2-1448x2048.png 1448w\" sizes=\"(max-width: 1654px) 100vw, 1654px\" \/><\/div>\n\t\t<\/a>\n\t\t\t\t<div class=\"elementor-post__text\">\n\t\t\t\t<h3 class=\"elementor-post__title\">\n\t\t\t<a href=\"https:\/\/site.veracruz.edu.br\/zumzum\/edicoes\/edicao-2\/\" >\n\t\t\t\tEdi\u00e7\u00e3o 2\t\t\t<\/a>\n\t\t<\/h3>\n\t\t\t\t<div class=\"elementor-post__meta-data\">\n\t\t\t\t\t<span class=\"elementor-post-date\">\n\t\t\tsetembro de 2022\t\t<\/span>\n\t\t\t\t<\/div>\n\t\t\t\t<\/div>\n\t\t\t\t<\/article>\n\t\t\t\t<article class=\"elementor-post elementor-grid-item post-131 edicoes type-edicoes status-publish has-post-thumbnail hentry\" role=\"listitem\">\n\t\t\t\t<a class=\"elementor-post__thumbnail__link\" href=\"https:\/\/site.veracruz.edu.br\/zumzum\/edicoes\/edicao-1\/\" tabindex=\"-1\" >\n\t\t\t<div class=\"elementor-post__thumbnail\"><img loading=\"lazy\" decoding=\"async\" width=\"595\" height=\"842\" src=\"https:\/\/site.veracruz.edu.br\/zumzum\/wp-content\/uploads\/2022\/03\/capa-edicao-1-FINAL.jpg\" class=\"attachment-full size-full wp-image-1398\" alt=\"\" srcset=\"https:\/\/site.veracruz.edu.br\/zumzum\/wp-content\/uploads\/2022\/03\/capa-edicao-1-FINAL.jpg 595w, https:\/\/site.veracruz.edu.br\/zumzum\/wp-content\/uploads\/2022\/03\/capa-edicao-1-FINAL-212x300.jpg 212w\" sizes=\"(max-width: 595px) 100vw, 595px\" \/><\/div>\n\t\t<\/a>\n\t\t\t\t<div class=\"elementor-post__text\">\n\t\t\t\t<h3 class=\"elementor-post__title\">\n\t\t\t<a href=\"https:\/\/site.veracruz.edu.br\/zumzum\/edicoes\/edicao-1\/\" >\n\t\t\t\tEdi\u00e7\u00e3o 1\t\t\t<\/a>\n\t\t<\/h3>\n\t\t\t\t<div class=\"elementor-post__meta-data\">\n\t\t\t\t\t<span class=\"elementor-post-date\">\n\t\t\tfevereiro de 2022\t\t<\/span>\n\t\t\t\t<\/div>\n\t\t\t\t<\/div>\n\t\t\t\t<\/article>\n\t\t\t\t<\/div>\n\t\t\n\t\t\t\t\t\t<\/div>\n\t\t\t\t<\/div>\n\t\t\t\t<\/div>\n\t\t\t\t\t<\/div>\n\t\t\t\t<\/div>\n\t\t\t\t<\/div>\n\t\t","protected":false},"excerpt":{"rendered":"<p>LIRA, Luiz. Coletivo XiloCeasa. Bem-vindo, bem-vinda! Voc\u00ea est\u00e1 a um clique da Zum-Zum, a revista de educa\u00e7\u00e3o antirracista do Vera. Aqui voc\u00ea encontra a riqueza<\/p>\n","protected":false},"author":1,"featured_media":0,"parent":0,"menu_order":0,"comment_status":"closed","ping_status":"closed","template":"elementor_header_footer","meta":{"_acf_changed":false,"footnotes":""},"class_list":["post-2322","page","type-page","status-publish","hentry"],"acf":[],"_links":{"self":[{"href":"https:\/\/site.veracruz.edu.br\/zumzum\/wp-json\/wp\/v2\/pages\/2322","targetHints":{"allow":["GET"]}}],"collection":[{"href":"https:\/\/site.veracruz.edu.br\/zumzum\/wp-json\/wp\/v2\/pages"}],"about":[{"href":"https:\/\/site.veracruz.edu.br\/zumzum\/wp-json\/wp\/v2\/types\/page"}],"author":[{"embeddable":true,"href":"https:\/\/site.veracruz.edu.br\/zumzum\/wp-json\/wp\/v2\/users\/1"}],"replies":[{"embeddable":true,"href":"https:\/\/site.veracruz.edu.br\/zumzum\/wp-json\/wp\/v2\/comments?post=2322"}],"version-history":[{"count":52,"href":"https:\/\/site.veracruz.edu.br\/zumzum\/wp-json\/wp\/v2\/pages\/2322\/revisions"}],"predecessor-version":[{"id":5101,"href":"https:\/\/site.veracruz.edu.br\/zumzum\/wp-json\/wp\/v2\/pages\/2322\/revisions\/5101"}],"wp:attachment":[{"href":"https:\/\/site.veracruz.edu.br\/zumzum\/wp-json\/wp\/v2\/media?parent=2322"}],"curies":[{"name":"wp","href":"https:\/\/api.w.org\/{rel}","templated":true}]}}