{"id":815,"date":"2024-11-25T09:44:46","date_gmt":"2024-11-25T12:44:46","guid":{"rendered":"https:\/\/site.veracruz.edu.br\/vera-integral\/?page_id=815"},"modified":"2026-02-09T16:02:47","modified_gmt":"2026-02-09T19:02:47","slug":"g2-g3-e-g4-tarde","status":"publish","type":"page","link":"https:\/\/site.veracruz.edu.br\/vera-integral\/g2-g3-e-g4-tarde\/","title":{"rendered":"G2, G3 e G4 &#8211; tarde"},"content":{"rendered":"\t\t<div data-elementor-type=\"wp-page\" data-elementor-id=\"815\" class=\"elementor elementor-815\" data-elementor-post-type=\"page\">\n\t\t\t\t<div class=\"elementor-element elementor-element-10fe4f0 e-flex e-con-boxed e-con e-parent\" data-id=\"10fe4f0\" data-element_type=\"container\" data-settings=\"{&quot;background_background&quot;:&quot;classic&quot;}\">\n\t\t\t\t\t<div class=\"e-con-inner\">\n\t\t<div class=\"elementor-element elementor-element-dbe4fad e-con-full e-flex e-con e-child\" data-id=\"dbe4fad\" data-element_type=\"container\">\n\t\t<div class=\"elementor-element elementor-element-7bc4eb6 e-con-full e-flex e-con e-child\" data-id=\"7bc4eb6\" data-element_type=\"container\">\n\t\t\t\t<div class=\"elementor-element elementor-element-3929ef3 elementor-widget elementor-widget-heading\" data-id=\"3929ef3\" data-element_type=\"widget\" data-widget_type=\"heading.default\">\n\t\t\t\t<div class=\"elementor-widget-container\">\n\t\t\t<h2 class=\"elementor-heading-title elementor-size-default\">Quadro de atividades e hor\u00e1rios<\/h2>\t\t<\/div>\n\t\t\t\t<\/div>\n\t\t\t\t<div class=\"elementor-element elementor-element-8a56879 elementor-widget elementor-widget-heading\" data-id=\"8a56879\" data-element_type=\"widget\" data-widget_type=\"heading.default\">\n\t\t\t\t<div class=\"elementor-widget-container\">\n\t\t\t<h2 class=\"elementor-heading-title elementor-size-default\">G2, G3 e G4<\/h2>\t\t<\/div>\n\t\t\t\t<\/div>\n\t\t\t\t<div class=\"elementor-element elementor-element-5155e0b elementor-widget elementor-widget-heading\" data-id=\"5155e0b\" data-element_type=\"widget\" data-widget_type=\"heading.default\">\n\t\t\t\t<div class=\"elementor-widget-container\">\n\t\t\t<h2 class=\"elementor-heading-title elementor-size-default\">Aulas regulares no turno da manh\u00e3 e <b>aulas no Vera Integral no turno da tarde<\/b><\/h2>\t\t<\/div>\n\t\t\t\t<\/div>\n\t\t\t\t<\/div>\n\t\t<div class=\"elementor-element elementor-element-1885462 e-con-full e-flex e-con e-child\" data-id=\"1885462\" data-element_type=\"container\">\n\t\t<div class=\"elementor-element elementor-element-bf2fbc9 e-con-full e-flex e-con e-child\" data-id=\"bf2fbc9\" data-element_type=\"container\">\n\t\t\t\t<div class=\"elementor-element elementor-element-7be4a26 elementor-widget elementor-widget-image\" data-id=\"7be4a26\" data-element_type=\"widget\" data-widget_type=\"image.default\">\n\t\t\t\t<div class=\"elementor-widget-container\">\n\t\t\t\t\t\t\t\t\t\t\t\t\t<img fetchpriority=\"high\" decoding=\"async\" width=\"491\" height=\"401\" src=\"https:\/\/site.veracruz.edu.br\/vera-integral\/wp-content\/uploads\/2023\/12\/marcaVeraCruz_laranja_cmyk.png\" class=\"attachment-full size-full wp-image-148\" alt=\"\" srcset=\"https:\/\/site.veracruz.edu.br\/vera-integral\/wp-content\/uploads\/2023\/12\/marcaVeraCruz_laranja_cmyk.png 491w, https:\/\/site.veracruz.edu.br\/vera-integral\/wp-content\/uploads\/2023\/12\/marcaVeraCruz_laranja_cmyk-300x245.png 300w\" sizes=\"(max-width: 491px) 100vw, 491px\" \/>\t\t\t\t\t\t\t\t\t\t\t\t\t<\/div>\n\t\t\t\t<\/div>\n\t\t<div class=\"elementor-element elementor-element-9bcb6cb e-con-full e-flex e-con e-child\" data-id=\"9bcb6cb\" data-element_type=\"container\">\n\t\t\t\t<div class=\"elementor-element elementor-element-931934e elementor-widget elementor-widget-heading\" data-id=\"931934e\" data-element_type=\"widget\" data-widget_type=\"heading.default\">\n\t\t\t\t<div class=\"elementor-widget-container\">\n\t\t\t<h2 class=\"elementor-heading-title elementor-size-default\">2026<\/h2>\t\t<\/div>\n\t\t\t\t<\/div>\n\t\t\t\t<div class=\"elementor-element elementor-element-e67825d elementor-widget elementor-widget-heading\" data-id=\"e67825d\" data-element_type=\"widget\" data-widget_type=\"heading.default\">\n\t\t\t\t<div class=\"elementor-widget-container\">\n\t\t\t<h2 class=\"elementor-heading-title elementor-size-default\">VERA<\/h2>\t\t<\/div>\n\t\t\t\t<\/div>\n\t\t\t\t<div class=\"elementor-element elementor-element-5656f04 elementor-widget elementor-widget-heading\" data-id=\"5656f04\" data-element_type=\"widget\" data-widget_type=\"heading.default\">\n\t\t\t\t<div class=\"elementor-widget-container\">\n\t\t\t<h2 class=\"elementor-heading-title elementor-size-default\">INTEGRAL<\/h2>\t\t<\/div>\n\t\t\t\t<\/div>\n\t\t\t\t<\/div>\n\t\t\t\t<\/div>\n\t\t\t\t<\/div>\n\t\t\t\t<\/div>\n\t\t\t\t<div class=\"elementor-element elementor-element-58ae83e e-n-tabs-none elementor-widget elementor-widget-n-tabs\" data-id=\"58ae83e\" data-element_type=\"widget\" data-settings=\"{&quot;tabs_justify_horizontal&quot;:&quot;start&quot;,&quot;tabs_justify_horizontal_mobile&quot;:&quot;stretch&quot;,&quot;horizontal_scroll&quot;:&quot;disable&quot;}\" data-widget_type=\"nested-tabs.default\">\n\t\t\t\t<div class=\"elementor-widget-container\">\n\t\t\t\t\t<div class=\"e-n-tabs\" data-widget-number=\"92989502\" aria-label=\"Abas. Abra itens com &quot;Enter&quot; ou &quot;Espa\u00e7o&quot;, feche com &quot;Escape&quot; e navegue usando as teclas de &quot;Seta&quot;.\">\n\t\t\t<div class=\"e-n-tabs-heading\" role=\"tablist\">\n\t\t\t\t\t<button id=\"e-n-tab-title-929895021\" class=\"e-n-tab-title\" aria-selected=\"true\" data-tab-index=\"1\" role=\"tab\" tabindex=\"0\" aria-controls=\"e-n-tab-content-929895021\" style=\"--n-tabs-title-order: 1;\">\n\t\t\t\t\t\t<span class=\"e-n-tab-title-text\">\n\t\t\t\t1\u00ba semestre\t\t\t<\/span>\n\t\t<\/button>\n\t\t\t\t<button id=\"e-n-tab-title-929895022\" class=\"e-n-tab-title\" aria-selected=\"false\" data-tab-index=\"2\" role=\"tab\" tabindex=\"-1\" aria-controls=\"e-n-tab-content-929895022\" style=\"--n-tabs-title-order: 2;\">\n\t\t\t\t\t\t<span class=\"e-n-tab-title-text\">\n\t\t\t\t2\u00ba semestre\t\t\t<\/span>\n\t\t<\/button>\n\t\t\t\t\t<\/div>\n\t\t\t<div class=\"e-n-tabs-content\">\n\t\t\t\t<div id=\"e-n-tab-content-929895021\" role=\"tabpanel\" aria-labelledby=\"e-n-tab-title-929895021\" data-tab-index=\"1\" style=\"--n-tabs-title-order: 1;\" class=\"e-active elementor-element elementor-element-ac50b16 e-con-full e-flex e-con e-child\" data-id=\"ac50b16\" data-element_type=\"container\">\n\t\t\t\t<div class=\"elementor-element elementor-element-1e5245e verde elementor-widget elementor-widget-shortcode\" data-id=\"1e5245e\" data-element_type=\"widget\" data-widget_type=\"shortcode.default\">\n\t\t\t\t<div class=\"elementor-widget-container\">\n\t\t\t\t\t<div class=\"elementor-shortcode\">\n<table id=\"tablepress-20\" class=\"tablepress tablepress-id-20 tbody-has-connected-cells\">\n<thead>\n<tr class=\"row-1\">\n\t<th class=\"column-1\"><\/th><th class=\"column-2\">Segundas-feiras<\/th><th class=\"column-3\">Ter\u00e7as-feiras<\/th><th class=\"column-4\">Quartas-feiras<\/th><th class=\"column-5\">Quintas-feiras<\/th><th class=\"column-6\">Sextas-feiras<\/th><th class=\"column-7\"><\/th>\n<\/tr>\n<\/thead>\n<tbody class=\"row-striping row-hover\">\n<tr class=\"row-2\">\n\t<td class=\"column-1\">Semi-Integral<\/td><td class=\"column-2\"><a href=\"#link-plantas-ei\">Plantas em suas formas cores <\/a> e <a href=\"#link-cancoes-ingles-ei\">Can\u00e7\u00f5es em ingl\u00eas<\/a> <\/td><td class=\"column-3\"><a href=\"#link-cancoes-ingles-ei\">Can\u00e7\u00f5es em ingl\u00eas <\/a> e <a href=\"#link-jardim-ei\">Jardim de faz-de-conta: vamos brincar?<\/a><br \/>\n<\/td><td class=\"column-4\"><a href=\"#link-praticas-aventuras-ei\">Pr\u00e1ticas corporais de aventuras na Educa\u00e7\u00e3o Infantil<\/a> e <a href=\"#link-yoga-ei\">Yoga<\/a><\/td><td class=\"column-5\"><a href=\"#link-culinaria-ei\">Culin\u00e1ria: Lanches do dia a dia<\/a> e <a href=\"#link-danca-ei\">Dan\u00e7a<\/a> <\/td><td class=\"column-6\"><a href=\"#link-praticas-corporais\">Pr\u00e1ticas corporais de aventura<\/a> <\/td><td class=\"column-7\"><\/td>\n<\/tr>\n<tr class=\"row-3\">\n\t<td colspan=\"6\" class=\"column-1\"><\/td><td class=\"column-7\"><\/td>\n<\/tr>\n<tr class=\"row-4\">\n\t<td class=\"column-1\">Integral<\/td><td class=\"column-2\"><a href=\"#link-contos-ei\">Artes e contos da terra<\/a><\/td><td class=\"column-3\"><a href=\"#link-yoga-ei\">Yoga<\/a><\/td><td class=\"column-4\"><a href=\"#link-cancoes-ingles-ei\">Can\u00e7\u00f5es em ingl\u00eas <\/a> <\/td><td class=\"column-5\"><a href=\"#link-natureza-construcoes-ei\">Natureza e constru\u00e7\u00f5es<\/a>  <\/td><td class=\"column-6\"><a href=\"#link-arte-literatura-ei\">Arte e Literatura <\/a><\/td><td class=\"column-7\"><\/td>\n<\/tr>\n<\/tbody>\n<\/table>\n<!-- #tablepress-20 from cache --><\/div>\n\t\t\t\t<\/div>\n\t\t\t\t<\/div>\n\t\t\t\t<div class=\"elementor-element elementor-element-f91d6f4 elementor-widget elementor-widget-heading\" data-id=\"f91d6f4\" data-element_type=\"widget\" data-widget_type=\"heading.default\">\n\t\t\t\t<div class=\"elementor-widget-container\">\n\t\t\t<h2 class=\"elementor-heading-title elementor-size-default\">Programa\u00e7\u00e3o planejada para o in\u00edcio do semestre, podendo sofrer altera\u00e7\u00f5es ao longo do ano.\n<\/h2>\t\t<\/div>\n\t\t\t\t<\/div>\n\t\t\t\t<\/div>\n\t\t<div id=\"e-n-tab-content-929895022\" role=\"tabpanel\" aria-labelledby=\"e-n-tab-title-929895022\" data-tab-index=\"2\" style=\"--n-tabs-title-order: 2;\" class=\" elementor-element elementor-element-05b3761 e-con-full e-flex e-con e-child\" data-id=\"05b3761\" data-element_type=\"container\">\n\t\t\t\t<div class=\"elementor-element elementor-element-e0d358f elementor-widget elementor-widget-text-editor\" data-id=\"e0d358f\" data-element_type=\"widget\" data-widget_type=\"text-editor.default\">\n\t\t\t\t<div class=\"elementor-widget-container\">\n\t\t\t\t\t\t\t<p>Em breve.<\/p>\t\t\t\t\t\t<\/div>\n\t\t\t\t<\/div>\n\t\t\t\t<\/div>\n\t\t\t\t\t<\/div>\n\t\t<\/div>\n\t\t\t\t<\/div>\n\t\t\t\t<\/div>\n\t\t<div class=\"elementor-element elementor-element-4bc0255 e-con-full e-flex e-con e-child\" data-id=\"4bc0255\" data-element_type=\"container\">\n\t\t<div class=\"elementor-element elementor-element-a4e460b e-flex e-con-boxed e-con e-child\" data-id=\"a4e460b\" data-element_type=\"container\">\n\t\t\t\t\t<div class=\"e-con-inner\">\n\t\t\t\t<div class=\"elementor-element elementor-element-7ce0a72 elementor-widget__width-initial elementor-widget-mobile__width-inherit elementor-widget elementor-widget-heading\" data-id=\"7ce0a72\" data-element_type=\"widget\" data-widget_type=\"heading.default\">\n\t\t\t\t<div class=\"elementor-widget-container\">\n\t\t\t<h2 class=\"elementor-heading-title elementor-size-default\">Chegada do transporte escolar vindo da Unidade Alvil\u00e2ndia<\/h2>\t\t<\/div>\n\t\t\t\t<\/div>\n\t\t\t\t<div class=\"elementor-element elementor-element-bd90f8a elementor-widget elementor-widget-heading\" data-id=\"bd90f8a\" data-element_type=\"widget\" data-widget_type=\"heading.default\">\n\t\t\t\t<div class=\"elementor-widget-container\">\n\t\t\t<h2 class=\"elementor-heading-title elementor-size-default\">13h00<\/h2>\t\t<\/div>\n\t\t\t\t<\/div>\n\t\t\t\t\t<\/div>\n\t\t\t\t<\/div>\n\t\t<div class=\"elementor-element elementor-element-ab3a368 e-flex e-con-boxed e-con e-child\" data-id=\"ab3a368\" data-element_type=\"container\">\n\t\t\t\t\t<div class=\"e-con-inner\">\n\t\t\t\t<div class=\"elementor-element elementor-element-1f69521 elementor-widget-mobile__width-inherit elementor-widget elementor-widget-heading\" data-id=\"1f69521\" data-element_type=\"widget\" data-widget_type=\"heading.default\">\n\t\t\t\t<div class=\"elementor-widget-container\">\n\t\t\t<h2 class=\"elementor-heading-title elementor-size-default\">Sa\u00edda de alunos do per\u00edodo semi-integral<\/h2>\t\t<\/div>\n\t\t\t\t<\/div>\n\t\t\t\t<div class=\"elementor-element elementor-element-f1dc048 elementor-widget elementor-widget-heading\" data-id=\"f1dc048\" data-element_type=\"widget\" data-widget_type=\"heading.default\">\n\t\t\t\t<div class=\"elementor-widget-container\">\n\t\t\t<h2 class=\"elementor-heading-title elementor-size-default\">16h00<\/h2>\t\t<\/div>\n\t\t\t\t<\/div>\n\t\t\t\t\t<\/div>\n\t\t\t\t<\/div>\n\t\t<div class=\"elementor-element elementor-element-2b23b38 e-flex e-con-boxed e-con e-child\" data-id=\"2b23b38\" data-element_type=\"container\">\n\t\t\t\t\t<div class=\"e-con-inner\">\n\t\t\t\t<div class=\"elementor-element elementor-element-58a4990 elementor-widget-mobile__width-inherit elementor-widget elementor-widget-heading\" data-id=\"58a4990\" data-element_type=\"widget\" data-widget_type=\"heading.default\">\n\t\t\t\t<div class=\"elementor-widget-container\">\n\t\t\t<h2 class=\"elementor-heading-title elementor-size-default\">Sa\u00edda de alunos do per\u00edodo integral<\/h2>\t\t<\/div>\n\t\t\t\t<\/div>\n\t\t\t\t<div class=\"elementor-element elementor-element-8bcd07f elementor-widget elementor-widget-heading\" data-id=\"8bcd07f\" data-element_type=\"widget\" data-widget_type=\"heading.default\">\n\t\t\t\t<div class=\"elementor-widget-container\">\n\t\t\t<h2 class=\"elementor-heading-title elementor-size-default\">17h15<\/h2>\t\t<\/div>\n\t\t\t\t<\/div>\n\t\t\t\t\t<\/div>\n\t\t\t\t<\/div>\n\t\t\t\t<\/div>\n\t\t\t\t\t<\/div>\n\t\t\t\t<\/div>\n\t\t\t\t<\/div>\n\t\t","protected":false},"excerpt":{"rendered":"<p>Quadro de atividades e hor\u00e1rios G2, G3 e G4 Aulas regulares no turno da manh\u00e3 e aulas no Vera Integral no turno da tarde 2026 VERA INTEGRAL 1\u00ba semestre 2\u00ba semestre Editar Segundas-feiras Ter\u00e7as-feiras Quartas-feiras Quintas-feiras Sextas-feiras Semi-Integral Plantas em suas formas cores e Can\u00e7\u00f5es em ingl\u00eas Can\u00e7\u00f5es em ingl\u00eas e Jardim de faz-de-conta: vamos [&hellip;]<\/p>\n","protected":false},"author":1,"featured_media":0,"parent":0,"menu_order":0,"comment_status":"closed","ping_status":"closed","template":"elementor_canvas","meta":{"footnotes":""},"class_list":["post-815","page","type-page","status-publish","hentry"],"_links":{"self":[{"href":"https:\/\/site.veracruz.edu.br\/vera-integral\/wp-json\/wp\/v2\/pages\/815","targetHints":{"allow":["GET"]}}],"collection":[{"href":"https:\/\/site.veracruz.edu.br\/vera-integral\/wp-json\/wp\/v2\/pages"}],"about":[{"href":"https:\/\/site.veracruz.edu.br\/vera-integral\/wp-json\/wp\/v2\/types\/page"}],"author":[{"embeddable":true,"href":"https:\/\/site.veracruz.edu.br\/vera-integral\/wp-json\/wp\/v2\/users\/1"}],"replies":[{"embeddable":true,"href":"https:\/\/site.veracruz.edu.br\/vera-integral\/wp-json\/wp\/v2\/comments?post=815"}],"version-history":[{"count":97,"href":"https:\/\/site.veracruz.edu.br\/vera-integral\/wp-json\/wp\/v2\/pages\/815\/revisions"}],"predecessor-version":[{"id":1584,"href":"https:\/\/site.veracruz.edu.br\/vera-integral\/wp-json\/wp\/v2\/pages\/815\/revisions\/1584"}],"wp:attachment":[{"href":"https:\/\/site.veracruz.edu.br\/vera-integral\/wp-json\/wp\/v2\/media?parent=815"}],"curies":[{"name":"wp","href":"https:\/\/api.w.org\/{rel}","templated":true}]}}