{"id":516,"date":"2023-03-06T16:14:53","date_gmt":"2023-03-06T19:14:53","guid":{"rendered":"https:\/\/site.veracruz.edu.br\/blogdaposlcj\/?page_id=516"},"modified":"2025-07-30T08:22:13","modified_gmt":"2025-07-30T11:22:13","slug":"sobre","status":"publish","type":"page","link":"https:\/\/site.veracruz.edu.br\/blogdaposlcj\/sobre\/","title":{"rendered":"Sobre o blog"},"content":{"rendered":"\n<h4 class=\"wp-block-heading\"><strong>Sobre o curso<\/strong><\/h4>\n\n\n\n<p>O curso de p\u00f3s-gradua\u00e7\u00e3o Literatura para Crian\u00e7as e Jovens, do Instituto Superior de Ensino Vera Cruz, foi criado em 2016 com o objetivo de proporcionar, por meio de discuss\u00f5es abrangentes e aprofundadas sobre a forma\u00e7\u00e3o do leitor liter\u00e1rio, uma reflex\u00e3o conjunta ancorada principalmente em tr\u00eas \u00e1reas do conhecimento: a teoria liter\u00e1ria, a media\u00e7\u00e3o da leitura e a cr\u00edtica especializada.<\/p>\n\n\n\n<p>Para isso, quest\u00f5es relevantes s\u00e3o incorporadas \u00e0 discuss\u00e3o, como as concep\u00e7\u00f5es de inf\u00e2ncia, a hist\u00f3ria da literatura produzida para crian\u00e7as e jovens no Brasil, considerando a diversidade de autores(as) e as pol\u00edticas p\u00fablicas para o livro e a leitura.<\/p>\n\n\n\n<p>Para saber mais sobre o curso, conhecer as disciplinas e corpo docente, <a href=\"https:\/\/site.veracruz.edu.br\/curso-pos\/literatura-para-criancas-e-jovens\/\" target=\"_blank\" rel=\"noreferrer noopener\">clique aqui<\/a>.<\/p>\n\n\n\n<div style=\"height:50px\" aria-hidden=\"true\" class=\"wp-block-spacer\"><\/div>\n\n\n\n<h4 class=\"wp-block-heading\"><strong>Concep\u00e7\u00e3o e coordena\u00e7\u00e3o do Blog<\/strong><\/h4>\n\n\n\n<p>Cristiane Tavares<\/p>\n\n\n\n<p><\/p>\n\n\n\n<h4 class=\"wp-block-heading\"><strong>Assessoria<\/strong><\/h4>\n\n\n\n<p>Emily Stephano<\/p>\n\n\n\n<p><\/p>\n\n\n\n<h4 class=\"wp-block-heading\"><strong>Coordenadora<\/strong><\/h4>\n\n\n\n<p>Denise Guilherme<\/p>\n\n\n\n<p><\/p>\n\n\n\n<h4 class=\"wp-block-heading\"><strong>Assistente de coordena\u00e7\u00e3o<\/strong><\/h4>\n\n\n\n<p>Ana Paula Leme<\/p>\n\n\n\n<p><\/p>\n\n\n\n<h4 class=\"wp-block-heading\"><strong>Conselho Consultivo do Blog<\/strong><\/h4>\n\n\n\n<p>Ana Paula Campos<\/p>\n\n\n\n<p>Ana Paula Leme<\/p>\n\n\n\n<p>Carolina Pezzoni<\/p>\n\n\n\n<p>Claudia Candido<\/p>\n\n\n\n<p>Denise Guilherme<\/p>\n\n\n\n<p>Emily Stephano<\/p>\n\n\n\n<p>Geruza Zelnys<\/p>\n\n\n\n<p>Isabel Lopes Coelho<\/p>\n\n\n\n<p>Karina Sim\u00f5es Rassi<\/p>\n\n\n\n<p>Lenice Bueno<\/p>\n\n\n\n<p>Neide Almeida<\/p>\n\n\n\n<p>Nina Brondi<\/p>\n\n\n\n<p>Tiaia Mendes Tavares<\/p>\n\n\n\n<p><\/p>\n\n\n\n<div style=\"height:100px\" aria-hidden=\"true\" class=\"wp-block-spacer\"><\/div>\n\n\n\n<p><\/p>\n\n\n\n<h4 class=\"wp-block-heading\"><strong>Parcerias<\/strong><\/h4>\n\n\n\n<p>Agradecemos especialmente aos parceiros que cederam materiais publicados aqui na \u00edntegra ou de forma adaptada.<\/p>\n\n\n\n<div class=\"wp-block-group is-content-justification-space-between is-nowrap is-layout-flex wp-container-core-group-is-layout-4e2e7437 wp-block-group-is-layout-flex\">\n<figure class=\"wp-block-image alignleft size-full is-resized\"><a href=\"https:\/\/ataba.com.br\/\" target=\"_blank\" rel=\"noreferrer noopener\"><img fetchpriority=\"high\" decoding=\"async\" width=\"633\" height=\"633\" src=\"https:\/\/site.veracruz.edu.br\/blogdaposlcj\/wp-content\/uploads\/2023\/04\/taba-parceiro.png\" alt=\"\" class=\"wp-image-1104\" style=\"width:158px;height:158px\" srcset=\"https:\/\/site.veracruz.edu.br\/blogdaposlcj\/wp-content\/uploads\/2023\/04\/taba-parceiro.png 633w, https:\/\/site.veracruz.edu.br\/blogdaposlcj\/wp-content\/uploads\/2023\/04\/taba-parceiro-300x300.png 300w, https:\/\/site.veracruz.edu.br\/blogdaposlcj\/wp-content\/uploads\/2023\/04\/taba-parceiro-150x150.png 150w\" sizes=\"(max-width: 633px) 100vw, 633px\" \/><\/a><\/figure>\n\n\n\n<figure class=\"wp-block-image alignleft size-full is-resized\"><a href=\"https:\/\/www.acaia.org.br\/ateliescola\" target=\"_blank\" rel=\"noreferrer noopener\"><img decoding=\"async\" width=\"633\" height=\"633\" src=\"https:\/\/site.veracruz.edu.br\/blogdaposlcj\/wp-content\/uploads\/2023\/04\/cep-acaia-parceiro.png\" alt=\"\" class=\"wp-image-1105\" style=\"width:158px;height:158px\" srcset=\"https:\/\/site.veracruz.edu.br\/blogdaposlcj\/wp-content\/uploads\/2023\/04\/cep-acaia-parceiro.png 633w, https:\/\/site.veracruz.edu.br\/blogdaposlcj\/wp-content\/uploads\/2023\/04\/cep-acaia-parceiro-300x300.png 300w, https:\/\/site.veracruz.edu.br\/blogdaposlcj\/wp-content\/uploads\/2023\/04\/cep-acaia-parceiro-150x150.png 150w\" sizes=\"(max-width: 633px) 100vw, 633px\" \/><\/a><\/figure>\n\n\n\n<figure class=\"wp-block-image aligncenter size-full is-resized\"><a href=\"https:\/\/comunidadeeducativa.org.br\/\" target=\"_blank\" rel=\"noreferrer noopener\"><img decoding=\"async\" width=\"633\" height=\"633\" src=\"https:\/\/site.veracruz.edu.br\/blogdaposlcj\/wp-content\/uploads\/2023\/04\/cedac-parceiro.png\" alt=\"\" class=\"wp-image-1106\" style=\"width:158px;height:158px\" srcset=\"https:\/\/site.veracruz.edu.br\/blogdaposlcj\/wp-content\/uploads\/2023\/04\/cedac-parceiro.png 633w, https:\/\/site.veracruz.edu.br\/blogdaposlcj\/wp-content\/uploads\/2023\/04\/cedac-parceiro-300x300.png 300w, https:\/\/site.veracruz.edu.br\/blogdaposlcj\/wp-content\/uploads\/2023\/04\/cedac-parceiro-150x150.png 150w\" sizes=\"(max-width: 633px) 100vw, 633px\" \/><\/a><\/figure>\n\n\n\n<figure class=\"wp-block-image alignleft size-full is-resized\"><a href=\"https:\/\/www.estudiovoador.com\/\" target=\"_blank\" rel=\"noreferrer noopener\"><img loading=\"lazy\" decoding=\"async\" width=\"633\" height=\"633\" src=\"https:\/\/site.veracruz.edu.br\/blogdaposlcj\/wp-content\/uploads\/2023\/04\/voador-parceiro.png\" alt=\"\" class=\"wp-image-1107\" style=\"width:158px;height:158px\" srcset=\"https:\/\/site.veracruz.edu.br\/blogdaposlcj\/wp-content\/uploads\/2023\/04\/voador-parceiro.png 633w, https:\/\/site.veracruz.edu.br\/blogdaposlcj\/wp-content\/uploads\/2023\/04\/voador-parceiro-300x300.png 300w, https:\/\/site.veracruz.edu.br\/blogdaposlcj\/wp-content\/uploads\/2023\/04\/voador-parceiro-150x150.png 150w\" sizes=\"(max-width: 633px) 100vw, 633px\" \/><\/a><\/figure>\n<\/div>\n","protected":false},"excerpt":{"rendered":"<p>Sobre o curso O curso de p\u00f3s-gradua\u00e7\u00e3o Literatura para Crian\u00e7as e Jovens, do Instituto Superior de Ensino Vera Cruz, foi criado em 2016 com o objetivo de proporcionar, por meio de discuss\u00f5es abrangentes e aprofundadas sobre a forma\u00e7\u00e3o do leitor liter\u00e1rio, uma reflex\u00e3o conjunta ancorada principalmente em tr\u00eas \u00e1reas do conhecimento: a teoria liter\u00e1ria, a [&hellip;]<\/p>\n","protected":false},"author":1,"featured_media":0,"parent":0,"menu_order":0,"comment_status":"closed","ping_status":"closed","template":"","meta":{"_acf_changed":false,"inline_featured_image":false,"footnotes":""},"class_list":["post-516","page","type-page","status-publish","hentry"],"acf":[],"_links":{"self":[{"href":"https:\/\/site.veracruz.edu.br\/blogdaposlcj\/wp-json\/wp\/v2\/pages\/516","targetHints":{"allow":["GET"]}}],"collection":[{"href":"https:\/\/site.veracruz.edu.br\/blogdaposlcj\/wp-json\/wp\/v2\/pages"}],"about":[{"href":"https:\/\/site.veracruz.edu.br\/blogdaposlcj\/wp-json\/wp\/v2\/types\/page"}],"author":[{"embeddable":true,"href":"https:\/\/site.veracruz.edu.br\/blogdaposlcj\/wp-json\/wp\/v2\/users\/1"}],"replies":[{"embeddable":true,"href":"https:\/\/site.veracruz.edu.br\/blogdaposlcj\/wp-json\/wp\/v2\/comments?post=516"}],"version-history":[{"count":38,"href":"https:\/\/site.veracruz.edu.br\/blogdaposlcj\/wp-json\/wp\/v2\/pages\/516\/revisions"}],"predecessor-version":[{"id":1580,"href":"https:\/\/site.veracruz.edu.br\/blogdaposlcj\/wp-json\/wp\/v2\/pages\/516\/revisions\/1580"}],"wp:attachment":[{"href":"https:\/\/site.veracruz.edu.br\/blogdaposlcj\/wp-json\/wp\/v2\/media?parent=516"}],"curies":[{"name":"wp","href":"https:\/\/api.w.org\/{rel}","templated":true}]}}