{"id":3,"date":"2023-02-13T16:13:13","date_gmt":"2023-02-13T19:13:13","guid":{"rendered":"https:\/\/site.veracruz.edu.br\/blogdaposlcj\/?page_id=3"},"modified":"2023-03-29T16:15:31","modified_gmt":"2023-03-29T19:15:31","slug":"politica-de-privacidade","status":"publish","type":"page","link":"https:\/\/site.veracruz.edu.br\/blogdaposlcj\/politica-de-privacidade\/","title":{"rendered":"Pol\u00edtica de privacidade"},"content":{"rendered":"\n<p>Caro usu\u00e1rio do blog da p\u00f3s LCJ: n\u00f3s nos preocupamos com a prote\u00e7\u00e3o aos seus dados pessoais. Apresentamos aqui nossa pol\u00edtica relacionada a sua privacidade. Conhe\u00e7a e receba nossas boas-vindas!<\/p>\n\n\n\n<p><strong>CONTROLADORA DOS DADOS:<\/strong><\/p>\n\n\n\n<p>Associa\u00e7\u00e3o Universit\u00e1ria Interamericana, mantenedora da Escola Vera Cruz e Instituto Vera Cruz, inscrita no CNPJ 60.552.552\/0001-90, associa\u00e7\u00e3o civil de intuitos n\u00e3o econ\u00f4micos.<\/p>\n\n\n\n<p><strong>CONCEITOS E DEFINI\u00c7\u00d5ES DE TERMOS ESPEC\u00cdFICOS SOBRE DADOS PESSOAIS:<\/strong><\/p>\n\n\n\n<p><strong>CONTROLADORA DOS DADOS:<\/strong> pessoa de qualquer natureza (f\u00edsica, jur\u00eddica, empresa privada ou p\u00fablica) que \u00e9 respons\u00e1vel pela tomada de decis\u00f5es referente ao conte\u00fado deste termo.<\/p>\n\n\n\n<p><strong>OPERADOR:<\/strong> pessoa de qualquer natureza (f\u00edsica, jur\u00eddica, empresa privada ou p\u00fablica) que efetua tratamento de dados do Vera Cruz.<\/p>\n\n\n\n<p><strong>ENCARREGADO DE PROTE\u00c7\u00c3O DOS DADOS:<\/strong> Canal que intermedia contatos entre os envolvidos (controlador, titular dos dados e ANPD).<\/p>\n\n\n\n<p><strong>DADO PESSOAL:<\/strong> \u00e9 o conjunto de caracteres em formato digital ou n\u00e3o, que permite identificar e relacionar a uma pessoa f\u00edsica. S\u00e3o exemplos de dados pessoais: Nome, RG, CPF.<\/p>\n\n\n\n<p><strong>DADO PESSOAL SENS\u00cdVEL:<\/strong> \u00e9 o conjunto de caracteres em formato digital ou n\u00e3o, que se vincula e identifica particularidades de uma pessoa f\u00edsica. S\u00e3o exemplos de dados pessoais sens\u00edveis: ra\u00e7a, religi\u00e3o, dados sobre sa\u00fade, sexo, biometria, entre outros.<\/p>\n\n\n\n<p><strong>TITULAR DOS DADOS PESSOAIS ou USU\u00c1RIO:<\/strong> \u00e9 a pessoa propriet\u00e1ria do conjunto de caracteres em formato digital ou n\u00e3o que s\u00e3o alvo do tratamento em quest\u00e3o.<\/p>\n\n\n\n<p><strong>TRATAMENTO DE DADOS PESSOAIS:<\/strong> refere-se a a\u00e7\u00f5es como: coletar, armazenar, classificar, transmitir, distribuir, transferir, arquivar, eliminar, controlar, modificar, comunicar \u2013 feitas pelo Vera Cruz.<\/p>\n\n\n\n<p><strong>CONSENTIMENTO:<\/strong> \u00e9 caracterizada pela livre concord\u00e2ncia do titular dos dados pessoais, autorizando o tratamento dos seus dados pessoais para as finalidades do Vera Cruz.<\/p>\n\n\n\n<p><strong>ANONIMIZA\u00c7\u00c3O:<\/strong> est\u00e1 relacionada a descaracteriza\u00e7\u00e3o do dado em rela\u00e7\u00e3o a associa\u00e7\u00e3o direta ou n\u00e3o a uma pessoa f\u00edsica.<\/p>\n\n\n\n<p><strong>SISTEMAS VERA CRUZ:<\/strong> qualquer ferramenta digital utilizada pelo Vera Cruz para coleta, armazenamento e tratamento dos dados pessoais.<\/p>\n\n\n\n<p><strong>COOKIES:<\/strong> s\u00e3o arquivos criados e utilizados pelo site institucional, coletando do computador local que realiza o acesso, as prefer\u00eancias de navega\u00e7\u00e3o para oferecer a melhor experi\u00eancia com o usu\u00e1rio.<\/p>\n\n\n\n<p><strong>DIREITOS DOS TITULARES DOS DADOS PESSOAIS<\/strong><\/p>\n\n\n\n<p>O Vera Cruz lista aqui os direitos dos titulares dos dados pessoais. As atividades previstas poder\u00e3o ser solicitadas pelo titular dos dados pessoais atrav\u00e9s dos meios de contato com a institui\u00e7\u00e3o de ensino, divulgadas amplamente nas unidades do site institucional (menu \u201cFale com o Vera\u201d), neste Termo, sempre respeitando os limites da legisla\u00e7\u00e3o brasileira.<\/p>\n\n\n\n<ol class=\"wp-block-list\">\n<li>O titular pode \u201cconfirmar e acessar seus dados\u201d. Ou seja, o titular pode solicitar ao Vera Cruz verificar se possui os seus dados pessoais no respectivo banco de dados da institui\u00e7\u00e3o e se, al\u00e9m de possuir, se o compartilha com terceiros.<\/li>\n\n\n\n<li>O titular pode \u201crevogar o consentimento\u201d. Significa que a concord\u00e2ncia efetuada no fornecimento, armazenamento, tratamento e todas as demais atividade previstas neste termo poder\u00e3o ser anuladas a qualquer momento, bastando que o titular entre em contato com o Vera Cruz e realize esta solicita\u00e7\u00e3o de forma expressa.<\/li>\n\n\n\n<li>O titular pode \u201ccorrigir os dados\u201d. Significa que se o titular identificar dados que mere\u00e7am ser alterados, por falhas, imprecis\u00e3o ou desatualiza\u00e7\u00e3o, poder\u00e1 fazer esta solicita\u00e7\u00e3o ao Vera Cruz.<\/li>\n\n\n\n<li>O titular pode \u201cexcluir, anonimizar ou minimizar\u201d. Isso corresponde a solicita\u00e7\u00e3o que o titular dos dados pode fazer ao Vera Cruz para: excluir, anonimizar ou minimizar seus dados. Esta solicita\u00e7\u00e3o corresponder\u00e1 a momentos em que se percebe o tratamento ou uso de forma desnecess\u00e1ria, exagerada ou em desconformidade com a lei.<\/li>\n\n\n\n<li>O titular pode se \u201copor\u201d. Esta atitude d\u00e1 ao titular dos dados pessoais a possibilidade de se opor a forma de tratamento que o Vera Cruz aplicar, desde que esteja divergente das formas impostas pela Secretaria da Educa\u00e7\u00e3o do Estado de S\u00e3o Paulo e do Minist\u00e9rio da Educa\u00e7\u00e3o e Cultura (MEC).<\/li>\n<\/ol>\n\n\n\n<p>Mesmo ap\u00f3s a solicita\u00e7\u00e3o efetuada, e por qualquer dos motivos previstos nos itens 1 a 5 desta se\u00e7\u00e3o, o Vera Cruz manter\u00e1 em seus bancos de dados aqueles dados que, atendendo a obriga\u00e7\u00f5es da Secretaria da Educa\u00e7\u00e3o do Estado de S\u00e3o Paulo e do Minist\u00e9rio da Educa\u00e7\u00e3o e Cultura (MEC), precisar\u00e3o ser preservados.<\/p>\n\n\n\n<p><strong>SOBRE COOKIES<\/strong><\/p>\n\n\n\n<p>COOKIES s\u00e3o arquivos digitais, compostos por pequenos textos, armazenados no computador local, ou outro dispositivo, de quem acessa o site institucional do Vera Cruz atrav\u00e9s de um navegador. COOKIES s\u00e3o recursos que ajudam o navegador a gravar e lembrar as prefer\u00eancias do usu\u00e1rio. Prefer\u00eancias s\u00e3o \u00fateis quando o site tem visitas repetidas, para garantir que fun\u00e7\u00f5es sejam apresentadas de acordo como o usu\u00e1rio se afei\u00e7oa.<\/p>\n\n\n\n<p>O Vera Cruz utiliza em seu site institucional a ferramenta de gest\u00e3o de conte\u00fado \u201cWordpress\u201d. Este gestor de conte\u00fado tem programa\u00e7\u00e3o pr\u00f3pria e \u00e9 disponibilizado em c\u00f3digo aberto na internet para administra\u00e7\u00e3o de sites, blogs, lojas virtuais, portais, entre outros tipos de conte\u00fado.<\/p>\n\n\n\n<p>Por escolher o WordPress como gerenciador do conte\u00fado do site, os usu\u00e1rios do site institucional do Vera Cruz est\u00e3o sujeitos ao formato de captura e tratamento de cookies utilizada pela pr\u00f3pria ferramenta.<\/p>\n\n\n\n<p>O WordPress tem a pr\u00f3pria pol\u00edtica de privacidade, onde exp\u00f5e a forma de coleta, processamento e armazenamento das informa\u00e7\u00f5es. Consulte neste link: <a href=\"https:\/\/br.wordpress.org\/about\/privacy\/\">https:\/\/br.wordpress.org\/about\/privacy\/<\/a>. Consultamos este link em Junho de 2021, \u00e9poca da elabora\u00e7\u00e3o desta Pol\u00edtica.<\/p>\n\n\n\n<p>Os cookies s\u00e3o classificados em: Estritamente Necess\u00e1rios, Funcionalidade, Desempenho, Rastreio, Conte\u00fado de terceiros \/ incorporado. Como s\u00e3o defini\u00e7\u00f5es padronizadas, o usu\u00e1rio poder\u00e1 consult\u00e1-las atrav\u00e9s deste link: <a href=\"https:\/\/br.wordpress.org\/about\/privacy\/cookies\/\">https:\/\/br.wordpress.org\/about\/privacy\/cookies\/<\/a>.<\/p>\n\n\n\n<p><strong>EXCLUS\u00c3O DE COOKIES<\/strong><\/p>\n\n\n\n<p>Se voc\u00ea fez a leitura e concluiu que n\u00e3o deseja ter os cookies habilitados em seu dispositivo de acesso, separamos alguns links para auxiliar nas configura\u00e7\u00f5es. A recomenda\u00e7\u00e3o \u00e9 que voc\u00ea siga os tutoriais elaborados diretamente pelos pr\u00f3prios desenvolvedores dos navegadores, sem interveni\u00eancia do Vera Cruz.<\/p>\n\n\n\n<p><strong>Caso seu navegador seja o&nbsp;Firefox, clique no link a seguir:<\/strong><\/p>\n\n\n\n<figure class=\"wp-block-embed\"><div class=\"wp-block-embed__wrapper\">\nhttps:\/\/support.mozilla.org\/pt-BR\/kb\/limpe-cookies-e-dados-de-sites-no-firefox\n<\/div><\/figure>\n\n\n\n<p><strong>Caso seu navegador seja o&nbsp;Chrome, clique no link a seguir:<\/strong><\/p>\n\n\n\n<figure class=\"wp-block-embed\"><div class=\"wp-block-embed__wrapper\">\nhttps:\/\/support.google.com\/chrome\/answer\/95647?co=GENIE.Platform%3DDesktop&#038;hl=pt-BR\n<\/div><\/figure>\n\n\n\n<p><strong>Caso seu navegador seja o&nbsp;Safari, clique no link a seguir:<\/strong><\/p>\n\n\n\n<figure class=\"wp-block-embed\"><div class=\"wp-block-embed__wrapper\">\nhttps:\/\/support.apple.com\/pt-br\/guide\/safari\/sfri11471\/mac\n<\/div><\/figure>\n\n\n\n<p><strong>Caso seu navegador seja o&nbsp;Internet Explorer, clique no link a seguir:<\/strong><\/p>\n\n\n\n<figure class=\"wp-block-embed\"><div class=\"wp-block-embed__wrapper\">\nhttps:\/\/support.microsoft.com\/pt-br\/help\/278835\/how-to-delete-cookie-files-in-internet-explorer\n<\/div><\/figure>\n\n\n\n<p><strong>Caso seu navegador seja o&nbsp;Edge, clique no link a seguir:<\/strong><\/p>\n\n\n\n<figure class=\"wp-block-embed\"><div class=\"wp-block-embed__wrapper\">\nhttps:\/\/support.microsoft.com\/pt-br\/help\/4027947\/microsoft-edge-delete-cookies\n<\/div><\/figure>\n\n\n\n<p><strong>COLETA DOS DADOS PESSOAIS PELO VERA CRUZ<\/strong><\/p>\n\n\n\n<p>Conhe\u00e7a a seguir como o Vera Cruz utiliza os dados pessoais de quem os cadastra em algum m\u00e9todo de recep\u00e7\u00e3o dispon\u00edvel no site institucional do Vera Cruz:<\/p>\n\n\n\n<ul class=\"wp-block-list\">\n<li>Os formul\u00e1rios dispostos no site institucional s\u00e3o capazes de coletar dados pessoais sens\u00edveis para retorno a contatos de solicita\u00e7\u00e3o de \u201cfale conosco\u201d, \u201cfa\u00e7a uma visita \u00e0 institui\u00e7\u00e3o\u201d e \u201cenvie seu curr\u00edculo\u201d.<\/li>\n\n\n\n<li>Os dados pessoais, coletados nestas tr\u00eas frentes de intera\u00e7\u00e3o, s\u00e3o: Nome, CPF, RG, endere\u00e7o residencial, endere\u00e7o comercial, endere\u00e7o de e-mail, n\u00famero de telefone fixo residencial, comercial e celular, dados relacionados \u00e0 sa\u00fade, sexo, cor\/ra\u00e7a, no caso de profissionais: hist\u00f3rico de empresas onde foi colaborador.<\/li>\n\n\n\n<li>O Vera Cruz n\u00e3o grava a opera\u00e7\u00e3o de telas de usu\u00e1rios que navegam no site de forma an\u00f4nima ou autenticada, bem como n\u00e3o realiza fotografias de telas.<\/li>\n\n\n\n<li>O Vera Cruz n\u00e3o coleta dados n\u00e3o essenciais ao objeto da presta\u00e7\u00e3o de servi\u00e7o educacional.<\/li>\n\n\n\n<li>Em ocasi\u00f5es espor\u00e1dicas que o Vera Cruz opte por realizar alguma venda on-line atrav\u00e9s do site institucional, informa\u00e7\u00f5es de cart\u00e3o de cr\u00e9dito somadas \u00e0 bandeira, data de vencimento, c\u00f3digo de verifica\u00e7\u00e3o, endere\u00e7o de cobran\u00e7a e outras relacionadas poder\u00e3o ser solicitadas. Ap\u00f3s a finaliza\u00e7\u00e3o do pedido, os dados de cart\u00e3o de cr\u00e9dito n\u00e3o ficar\u00e3o salvos. Dados do pedido ser\u00e3o armazenados para eventuais atendimentos de p\u00f3s-venda.<\/li>\n\n\n\n<li>Em fun\u00e7\u00e3o do uso da ferramenta WordPress pelo Vera Cruz, o site institucional poder\u00e1 estar habilitado para coletar, durante a navega\u00e7\u00e3o, informa\u00e7\u00f5es como: IP, identidade de sess\u00e3o, informa\u00e7\u00f5es sobre o navegador, dispositivo de acesso, geolocaliza\u00e7\u00e3o, data e hora de acesso, registros de acessos e cookies.<\/li>\n<\/ul>\n\n\n\n<p><strong>USO DOS DADOS PESSOAIS PELO VERA CRUZ<\/strong><\/p>\n\n\n\n<p>O Vera Cruz utiliza os dados pessoais de pessoas relacionadas para algumas finalidades espec\u00edficas, todas em concord\u00e2ncia com as diretrizes da Secretaria da Educa\u00e7\u00e3o do Estado de S\u00e3o Paulo e do Minist\u00e9rio da Educa\u00e7\u00e3o e Cultura (MEC). Em detalhes, os usos s\u00e3o para:<\/p>\n\n\n\n<ol class=\"wp-block-list\">\n<li>Atender a presta\u00e7\u00e3o de servi\u00e7o conforme \u00e9 contratada pelos respons\u00e1veis de alunos ou alunos;<\/li>\n\n\n\n<li>Efetuar emiss\u00e3o de notas fiscais;<\/li>\n\n\n\n<li>Efetuar consultas de candidatos a empregados do Vera Cruz, em qualquer n\u00edvel;<\/li>\n\n\n\n<li>Comunicar-se com empregados e ex-empregados do Vera Cruz, em qualquer ocupa\u00e7\u00e3o;<\/li>\n\n\n\n<li>Atender a servi\u00e7os terceirizados que prestem servi\u00e7os ao Vera Cruz (exemplo: emiss\u00e3o de certificados impressos, empresas de transporte escolar e de turismo, empresas de pagamentos on-line, empresas de personaliza\u00e7\u00e3o de uniformes, entre outros);<\/li>\n\n\n\n<li>Os cookies coletados nas sess\u00f5es podem ser utilizados para melhorar a experi\u00eancia do usu\u00e1rio no que se refere a:\n<ol class=\"wp-block-list\">\n<li>Exibi\u00e7\u00e3o de p\u00e1gina mantendo as prefer\u00eancias do usu\u00e1rio;<\/li>\n\n\n\n<li>Melhora na velocidade de carregamento do site;<\/li>\n\n\n\n<li>Apresenta\u00e7\u00e3o de informa\u00e7\u00f5es personalizadas de acordo com o perfil do usu\u00e1rio;<\/li>\n\n\n\n<li>Apresenta\u00e7\u00e3o de informa\u00e7\u00f5es, conte\u00fados relevantes e not\u00edcias adequadas ao perfil do usu\u00e1rio.<\/li>\n<\/ol>\n<\/li>\n\n\n\n<li>Produzir relat\u00f3rios estat\u00edsticos, estrat\u00e9gicos e de gest\u00e3o escolar;<\/li>\n\n\n\n<li>Consolidar indicadores de uso, para defini\u00e7\u00e3o de a\u00e7\u00f5es de melhoria cont\u00ednua, tanto no site quanto em informa\u00e7\u00f5es nele dispostas;<\/li>\n\n\n\n<li>Avaliar o aspecto de seguran\u00e7a, ergonomia e usabilidade de acesso;<\/li>\n\n\n\n<li>Produzir estudos relacionados a prefer\u00eancias e regi\u00f5es dos envolvidos;<\/li>\n\n\n\n<li>Enviar comunica\u00e7\u00f5es eletr\u00f4nicas personalizadas ou campanhas publicit\u00e1rias (por m\u00eddias sociais, SMS, WhatsApp, e-mail) e impressas (destinadas ao endere\u00e7o de cadastro) sobre o Vera Cruz, referente a cursos e novidades. Estas comunica\u00e7\u00f5es s\u00e3o destinadas a respons\u00e1veis, alunos, ex-alunos, colaboradores, ex-colaboradores, empregados, ex-empregados, prestadores de servi\u00e7os, terceirizados e qualquer outro membro relacionado a institui\u00e7\u00e3o de ensino;<\/li>\n\n\n\n<li>Enviar para a Secretaria da Educa\u00e7\u00e3o do Estado de S\u00e3o Paulo e para Minist\u00e9rio da Educa\u00e7\u00e3o e Cultura as informa\u00e7\u00f5es que s\u00e3o solicitadas \u00e0 institui\u00e7\u00e3o.<\/li>\n<\/ol>\n\n\n\n<p><strong>COMPARTILHAMENTO DE DADOS PESSOAIS<\/strong><\/p>\n\n\n\n<p>O Vera Cruz informa, neste termo, que compartilha os dados pessoais dos envolvidos apenas com as entidades em que se v\u00ea obrigada em fun\u00e7\u00e3o da presta\u00e7\u00e3o dos servi\u00e7os. Estas entidades podem ser parceiros comerciais, prestadores de servi\u00e7os, empresas terceiras, p\u00fablicas ou privadas, em raz\u00e3o de atividades profissionais conjuntas ou relacionadas.<\/p>\n\n\n\n<p><strong>PROTE\u00c7\u00c3O DOS DADOS PESSOAIS<\/strong><\/p>\n\n\n\n<p>O Vera Cruz est\u00e1 preparado com sistemas pr\u00f3prios e procedimentos de seguran\u00e7a eletr\u00f4nica, padr\u00e3o de mercado, para proteger os dados pessoais de: acessos n\u00e3o autorizados, acessos amea\u00e7adores que promovem perda, altera\u00e7\u00e3o ou destrui\u00e7\u00e3o.<\/p>\n\n\n\n<p>Os colaboradores do Vera Cruz s\u00e3o periodicamente treinados para colocar em pr\u00e1tica a prote\u00e7\u00e3o e confidencialidade dos dados pessoais que constam na base de dados da institui\u00e7\u00e3o.<\/p>\n\n\n\n<p>Apesar de o Vera Cruz estar com sua estrutura preparada em v\u00e1rios sentidos, \u00e9 importante salientar que todos os dias, ao redor do mundo, existe a elabora\u00e7\u00e3o e tentativa de in\u00fameras pr\u00e1ticas que visam destruir ambientes est\u00e1veis. S\u00e3o atitudes de pessoas que buscam desenvolver v\u00edrus de computador e disseminar pela rede mundial, promover invas\u00f5es a redes dom\u00e9sticas, corporativas e tantas outras possibilidades negativas. Desta forma, cumpre o Vera Cruz informar que pode estar sujeita a amea\u00e7as n\u00e3o previstas e, virando fato, manter\u00e1 seu investimento e preocupa\u00e7\u00e3o na aplica\u00e7\u00e3o das medidas de seguran\u00e7a complementares.<\/p>\n\n\n\n<p><strong>TEMPO DE RETEN\u00c7\u00c3O DOS DADOS PESSOAIS<\/strong><\/p>\n\n\n\n<p>Em fun\u00e7\u00e3o do cumprimento de obriga\u00e7\u00f5es legais,&nbsp;\u00e9 necess\u00e1rio manter nos pr\u00f3prios arquivos (em sistema&nbsp;eletr\u00f4nico&nbsp;e&nbsp;impressos em&nbsp;papel) pelo tempo que&nbsp;a Secretaria da&nbsp;Educa\u00e7\u00e3o do Estado de S\u00e3o Paulo e&nbsp;o&nbsp;Minist\u00e9rio da Educa\u00e7\u00e3o e Cultura&nbsp;definem.<\/p>\n\n\n\n<p>A qualquer momento em que modifica\u00e7\u00f5es neste sentido (tempo, controladora, gloss\u00e1rio, coleta de dados, uso de dados ou outras informa\u00e7\u00f5es) chegarem ao conhecimento do Vera Cruz, procedimentos atualizados ser\u00e3o adotados e sequencialmente esta pol\u00edtica ser\u00e1 alterada.<\/p>\n\n\n\n<p><strong>CANAIS DE CONTATO COM O VERA CRUZ<\/strong><\/p>\n\n\n\n<p>Para sanar d\u00favidas sobre este termo, bem como pedir a\u00e7\u00f5es que sejam direito do titular dos dados pessoais, fa\u00e7a contato pelo endere\u00e7o&nbsp;<a href=\"mailto:faleconosco@veracruz.edu.br\">faleconosco@veracruz.edu.br<\/a><\/p>\n","protected":false},"excerpt":{"rendered":"<p>Caro usu\u00e1rio do blog da p\u00f3s LCJ: n\u00f3s nos preocupamos com a prote\u00e7\u00e3o aos seus dados pessoais. Apresentamos aqui nossa pol\u00edtica relacionada a sua privacidade. Conhe\u00e7a e receba nossas boas-vindas! CONTROLADORA DOS DADOS: Associa\u00e7\u00e3o Universit\u00e1ria Interamericana, mantenedora da Escola Vera Cruz e Instituto Vera Cruz, inscrita no CNPJ 60.552.552\/0001-90, associa\u00e7\u00e3o civil de intuitos n\u00e3o econ\u00f4micos. [&hellip;]<\/p>\n","protected":false},"author":1,"featured_media":0,"parent":0,"menu_order":0,"comment_status":"closed","ping_status":"closed","template":"","meta":{"_acf_changed":false,"inline_featured_image":false,"footnotes":""},"class_list":["post-3","page","type-page","status-publish","hentry"],"acf":[],"_links":{"self":[{"href":"https:\/\/site.veracruz.edu.br\/blogdaposlcj\/wp-json\/wp\/v2\/pages\/3","targetHints":{"allow":["GET"]}}],"collection":[{"href":"https:\/\/site.veracruz.edu.br\/blogdaposlcj\/wp-json\/wp\/v2\/pages"}],"about":[{"href":"https:\/\/site.veracruz.edu.br\/blogdaposlcj\/wp-json\/wp\/v2\/types\/page"}],"author":[{"embeddable":true,"href":"https:\/\/site.veracruz.edu.br\/blogdaposlcj\/wp-json\/wp\/v2\/users\/1"}],"replies":[{"embeddable":true,"href":"https:\/\/site.veracruz.edu.br\/blogdaposlcj\/wp-json\/wp\/v2\/comments?post=3"}],"version-history":[{"count":3,"href":"https:\/\/site.veracruz.edu.br\/blogdaposlcj\/wp-json\/wp\/v2\/pages\/3\/revisions"}],"predecessor-version":[{"id":621,"href":"https:\/\/site.veracruz.edu.br\/blogdaposlcj\/wp-json\/wp\/v2\/pages\/3\/revisions\/621"}],"wp:attachment":[{"href":"https:\/\/site.veracruz.edu.br\/blogdaposlcj\/wp-json\/wp\/v2\/media?parent=3"}],"curies":[{"name":"wp","href":"https:\/\/api.w.org\/{rel}","templated":true}]}}