{"id":316,"date":"2016-05-11T17:50:52","date_gmt":"2016-05-11T17:50:52","guid":{"rendered":"http:\/\/site.veracruz.edu.br:8087\/historias\/?page_id=316"},"modified":"2018-06-18T04:37:13","modified_gmt":"2018-06-18T04:37:13","slug":"equipe","status":"publish","type":"page","link":"http:\/\/site.veracruz.edu.br:8087\/historias\/equipe\/","title":{"rendered":"Equipe"},"content":{"rendered":"<h2>Equipe 2018<\/h2>\n<h2>Professoras<\/h2>\n<p><strong>5\u00ba A:<\/strong> K\u00e1tia Fraz\u00e3o e Paula Sesso<br \/>\n<strong>5\u00ba B:<\/strong> Carolina Petreche e Paula Dellaquila<br \/>\n<strong>5\u00ba C:<\/strong> Silvana D&#8217;Avino e Natalia Imada<br \/>\n<strong>5\u00ba D:<\/strong> Paula Sosa e Natalia Imada<br \/>\n<strong>5\u00ba E:\u00a0<\/strong>Dalila Gon\u00e7alves e Paula Sesso<br \/>\n<strong>5\u00ba F:<\/strong> Simone Pignatari e Bianca Nakazato<\/p>\n<h2>Orientadora<\/h2>\n<p>Sonia Fonseca<\/p>\n<h2>Professora auxiliar de s\u00e9rie<\/h2>\n<p>Patricia Fugi<\/p>\n<h2><\/h2>\n<h2>Equipe 2017<\/h2>\n<h2>Professoras<\/h2>\n<p><strong>5\u00ba A:<\/strong> Paula Sosa e Dalila Gon\u00e7alves<br \/>\n<strong>5\u00ba B:<\/strong> Silvana D&#8217; Avino e Lu\u00edza Alvarenga<br \/>\n<strong>5\u00ba C:<\/strong> Carolina Petreche e Susan Amorim<br \/>\n<strong>5\u00ba D:<\/strong> Simone Pignatari e Susan Amorim<br \/>\n<strong>5\u00ba E:<\/strong> Paula Takada e Dalila Gon\u00e7alves<br \/>\n<strong>5\u00ba F:<\/strong> K\u00e1tia Fraz\u00e3o e Lu\u00edza Alvarenga<\/p>\n<h2>Orientadora<\/h2>\n<p>Gabriela Macedo<\/p>\n<h2>Professora auxiliar de s\u00e9rie<\/h2>\n<p>Betina Miranda<\/p>\n<h2><\/h2>\n<h2>Equipe 2016<\/h2>\n<h2>Professoras<\/h2>\n<p><strong>5\u00ba A:<\/strong>\u00a0K\u00e1tia Fraz\u00e3o e Paula Takada<br \/>\n<strong>5\u00ba B:<\/strong>\u00a0Silvana D&#8217;Avino e Tatiane Lima<br \/>\n<strong>5\u00ba C:<\/strong>\u00a0Simone Pignatari e Thais Miyosi<br \/>\n<strong>5\u00ba D:<\/strong>\u00a0Regina Wahba e Tatiane Lima<br \/>\n<strong>5\u00ba E:<\/strong>\u00a0Carolina Petreche e Paula Takada<br \/>\n<strong>5\u00ba F:<\/strong>\u00a0Paula Sosa e Thais Miyosi<\/p>\n<h2>Orientadora<\/h2>\n<p>Eneida Fiuza<\/p>\n<h2><\/h2>\n<p>&nbsp;<\/p>\n","protected":false},"excerpt":{"rendered":"<p>Equipe 2018 Professoras 5\u00ba A: K\u00e1tia Fraz\u00e3o e Paula Sesso 5\u00ba B: Carolina Petreche e Paula Dellaquila 5\u00ba C: Silvana D&#8217;Avino e Natalia Imada 5\u00ba D: Paula Sosa e Natalia Imada 5\u00ba E:\u00a0Dalila Gon\u00e7alves e Paula Sesso 5\u00ba F: Simone Pignatari e Bianca Nakazato Orientadora Sonia Fonseca Professora auxiliar de s\u00e9rie Patricia Fugi Equipe 2017 [&hellip;]<\/p>\n","protected":false},"author":1,"featured_media":0,"parent":0,"menu_order":0,"comment_status":"open","ping_status":"open","template":"","meta":{"ngg_post_thumbnail":0,"jetpack_post_was_ever_published":false},"jetpack_shortlink":"https:\/\/wp.me\/P7wWE5-56","_links":{"self":[{"href":"http:\/\/site.veracruz.edu.br:8087\/historias\/wp-json\/wp\/v2\/pages\/316"}],"collection":[{"href":"http:\/\/site.veracruz.edu.br:8087\/historias\/wp-json\/wp\/v2\/pages"}],"about":[{"href":"http:\/\/site.veracruz.edu.br:8087\/historias\/wp-json\/wp\/v2\/types\/page"}],"author":[{"embeddable":true,"href":"http:\/\/site.veracruz.edu.br:8087\/historias\/wp-json\/wp\/v2\/users\/1"}],"replies":[{"embeddable":true,"href":"http:\/\/site.veracruz.edu.br:8087\/historias\/wp-json\/wp\/v2\/comments?post=316"}],"version-history":[{"count":6,"href":"http:\/\/site.veracruz.edu.br:8087\/historias\/wp-json\/wp\/v2\/pages\/316\/revisions"}],"predecessor-version":[{"id":1513,"href":"http:\/\/site.veracruz.edu.br:8087\/historias\/wp-json\/wp\/v2\/pages\/316\/revisions\/1513"}],"wp:attachment":[{"href":"http:\/\/site.veracruz.edu.br:8087\/historias\/wp-json\/wp\/v2\/media?parent=316"}],"curies":[{"name":"wp","href":"https:\/\/api.w.org\/{rel}","templated":true}]}}